{"id":2375,"date":"2022-10-05T11:42:32","date_gmt":"2022-10-05T11:42:32","guid":{"rendered":"https:\/\/maratondelahabana.com\/?page_id=2375"},"modified":"2025-09-15T11:38:13","modified_gmt":"2025-09-15T11:38:13","slug":"tour-operators","status":"publish","type":"page","link":"https:\/\/maratondelahabana.com\/en\/tour-operators\/","title":{"rendered":"Tour operators"},"content":{"rendered":"<div class=\"wpb-content-wrapper\"><p>[vc_row][vc_column][vc_column_text]<\/p>\n<h3><strong>MARATHON TOURS &amp; TRAVEL<\/strong><\/h3>\n<p>&nbsp;<\/p>\n<p><a href=\"https:\/\/marathontours.com\/en-us\/events\/havana-marathon\/\" target=\"_blank\" rel=\"noopener\"><img loading=\"lazy\" decoding=\"async\" class=\"wp-image-2349 alignleft\" src=\"https:\/\/maratondelahabana.com\/wp-content\/uploads\/2022\/10\/MTT-Logo-300x300.png\" alt=\"MTT-Logo\" width=\"234\" height=\"234\" srcset=\"https:\/\/maratondelahabana.com\/wp-content\/uploads\/2022\/10\/MTT-Logo-300x300.png 300w, https:\/\/maratondelahabana.com\/wp-content\/uploads\/2022\/10\/MTT-Logo.png 1024w, https:\/\/maratondelahabana.com\/wp-content\/uploads\/2022\/10\/MTT-Logo-150x150.png 150w, https:\/\/maratondelahabana.com\/wp-content\/uploads\/2022\/10\/MTT-Logo-768x768.png 768w\" sizes=\"auto, (max-width: 234px) 100vw, 234px\" \/><\/a><\/p>\n<p>&nbsp;<\/p>\n<p>&nbsp;<\/p>\n<p>&nbsp;<\/p>\n<p>&nbsp;<\/p>\n<p>&nbsp;<\/p>\n<p>&nbsp;<\/p>\n<p>&nbsp;<\/p>\n<p style=\"text-align: left;\">Travel to Cuba has become more popular and enticing, yet challenges still exist.\u00a0 As the official North America Tour Operator for the Havana Marathon, let <a href=\"https:\/\/www.marathontours.com\/races\/havana-marathon-and-half-marathon-tour-376\/packages\" target=\"_blank\" rel=\"noopener\">Marathon Tours &amp; Travel<\/a> take care of all the hassles for you!\u00a0 We will secure your visa and plan all the land logistics, which will give you the opportunity to interact with the local people and enjoy the magnificent culture of this small island. Our hotel accommodations are at the brand new Grand Aston Hotel, located off the legendary Malecon Havanero with a less than 10 minute drive to Old Havana. Our four-night package will provide the perfect introduction to lively Havana.\u00a0 We also recommend you extend your time and join us for the optional two-night extension to Vi\u00f1ales where you will enjoy the beautiful sunrises and sunsets in this stunning landscape. Come enjoy the flavors, sights, and sounds of this unique destination with <a href=\"https:\/\/www.marathontours.com\/races\/havana-marathon-and-half-marathon-tour-376\/packages\" target=\"_blank\" rel=\"noopener\">Marathon Tours &amp; Travel<\/a>!<\/p>\n<p>[\/vc_column_text][vc_separator][vc_column_text]<\/p>\n<h3><strong>MERELY TOURS<\/strong><\/h3>\n<p>&nbsp;<\/p>\n<p><a href=\"https:\/\/www.merelytours.com.mx\/es\/\"><img loading=\"lazy\" decoding=\"async\" class=\"wp-image-3079 size-medium alignleft\" src=\"https:\/\/maratondelahabana.com\/wp-content\/uploads\/2023\/08\/WhatsApp-Image-2023-08-04-at-11.55.22-300x73.jpeg\" alt=\"\" width=\"300\" height=\"73\" srcset=\"https:\/\/maratondelahabana.com\/wp-content\/uploads\/2023\/08\/WhatsApp-Image-2023-08-04-at-11.55.22-300x73.jpeg 300w, https:\/\/maratondelahabana.com\/wp-content\/uploads\/2023\/08\/WhatsApp-Image-2023-08-04-at-11.55.22-768x187.jpeg 768w, https:\/\/maratondelahabana.com\/wp-content\/uploads\/2023\/08\/WhatsApp-Image-2023-08-04-at-11.55.22-773x190.jpeg 773w, https:\/\/maratondelahabana.com\/wp-content\/uploads\/2023\/08\/WhatsApp-Image-2023-08-04-at-11.55.22.jpeg 782w\" sizes=\"auto, (max-width: 300px) 100vw, 300px\" \/><\/a><\/p>\n<p>&nbsp;<\/p>\n<p>&nbsp;<\/p>\n<p>&nbsp;<\/p>\n<p><a href=\"https:\/\/www.merelytours.com.mx\/es\/\">Merely Tours<\/a>: Official Tour Operator of the Marathon of La Habana &#8211; Marabana in Mexico<\/p>\n<p>[\/vc_column_text][vc_separator][vc_column_text css=&#8221;&#8221;]<\/p>\n<h3>TRAVEL\u00c9ALO<\/h3>\n<p>&nbsp;<\/p>\n<p><a href=\"https:\/\/www.travelealo.com\/\"><img loading=\"lazy\" decoding=\"async\" class=\"alignnone wp-image-3239 size-medium\" src=\"https:\/\/maratondelahabana.com\/wp-content\/uploads\/2024\/06\/Logo-Traveleao-300x300.png\" alt=\"\" width=\"300\" height=\"300\" srcset=\"https:\/\/maratondelahabana.com\/wp-content\/uploads\/2024\/06\/Logo-Traveleao-300x300.png 300w, https:\/\/maratondelahabana.com\/wp-content\/uploads\/2024\/06\/Logo-Traveleao-1024x1024.png 1024w, https:\/\/maratondelahabana.com\/wp-content\/uploads\/2024\/06\/Logo-Traveleao-150x150.png 150w, https:\/\/maratondelahabana.com\/wp-content\/uploads\/2024\/06\/Logo-Traveleao-768x768.png 768w, https:\/\/maratondelahabana.com\/wp-content\/uploads\/2024\/06\/Logo-Traveleao.png 1080w\" sizes=\"auto, (max-width: 300px) 100vw, 300px\" \/><\/a><\/p>\n<p>An easy and affordable way to find the trip you&#8217;ve been looking for. From offers that suit you to the most luxurious destinations.You find it all in one place. <strong>Travel\u00e9alo<\/strong><\/p>\n<h3><strong>\u00a0Alifante International Tourism &amp; Cultural Exchange Grupo<\/strong><\/h3>\n<p><img loading=\"lazy\" decoding=\"async\" class=\"size-medium wp-image-3535 aligncenter\" src=\"https:\/\/maratondelahabana.com\/wp-content\/uploads\/2025\/04\/WhatsApp-Image-2025-04-22-at-19.53.43-300x190.jpeg\" alt=\"\" width=\"300\" height=\"190\" srcset=\"https:\/\/maratondelahabana.com\/wp-content\/uploads\/2025\/04\/WhatsApp-Image-2025-04-22-at-19.53.43-300x190.jpeg 300w, https:\/\/maratondelahabana.com\/wp-content\/uploads\/2025\/04\/WhatsApp-Image-2025-04-22-at-19.53.43-1024x647.jpeg 1024w, https:\/\/maratondelahabana.com\/wp-content\/uploads\/2025\/04\/WhatsApp-Image-2025-04-22-at-19.53.43-768x485.jpeg 768w, https:\/\/maratondelahabana.com\/wp-content\/uploads\/2025\/04\/WhatsApp-Image-2025-04-22-at-19.53.43-1536x970.jpeg 1536w, https:\/\/maratondelahabana.com\/wp-content\/uploads\/2025\/04\/WhatsApp-Image-2025-04-22-at-19.53.43-2048x1294.jpeg 2048w\" sizes=\"auto, (max-width: 300px) 100vw, 300px\" \/><\/p>\n<p>\u7f8e\u6d32\u8702\u9e1f\u6587\u65c5\uff08Alifante Tur\uff09<\/p>\n<p>\u4f5c\u4e3a\u9996\u5bb6\u4e0e\u53e4\u5df4\u9a6c\u62c9\u677e\u8d5b\u4e8b\u5b98\u65b9\u673a\u6784\u8fbe\u6210\u6218\u7565\u5408\u4f5c\u7684\u4e2d\u56fd\u65c5\u884c\u793e\uff0c\u7f8e\u6d32\u8702\u9e1f\uff08Alifante Tur\uff09\u4e0d\u4ec5\u80fd\u4e3a\u60a8\u63d0\u4f9b\u4e13\u4e1a\u8d5b\u4e8b\u53ca\u76ee\u7684\u5730\u670d\u52a1\uff0c\u66f4\u5c06\u5e26\u60a8\u7528\u811a\u6b65\u4e08\u91cf\u54c8\u74e6\u90a3\u4e16\u754c\u6587\u5316\u9057\u4ea7\u957f\u5eca\uff0c\u611f\u53d7\u53e4\u5df4\u9a6c\u62c9\u677e\u72ec\u6709\u7684\u6587\u5316\u9b45\u529b\u3002<\/p>\n<p>&nbsp;<\/p>\n<p>\u5f53\u60a8\u8e0f\u4e0a\u53e4\u5df4\u9a6c\u62c9\u677e\u7684\u4f20\u5947\u8d5b\u9053\uff0c\u7f8e\u6d32\u8702\u9e1f\u5c06\u4ee5\u53cc\u7ffc\u62a4\u822a\u2014\u2014\u5de6\u7ffc\u6258\u8d77\u5341\u5e74\u6c89\u6dc0\u7684\u53e4\u5df4\u65c5\u6e38\u4e13\u4e1a\uff0c\u53f3\u7ffc\u7d27\u63e1\u4e2d\u53e4\u53cb\u8c0a\u7684\u5386\u4e45\u5f25\u65b0\u3002\u8fd9\u4e0d\u4ec5\u662f42.195\u516c\u91cc\u7684\u7ade\u6280\u5f81\u7a0b\uff0c\u66f4\u662f\u4e00\u573a\u7531\u8d44\u6df1\u884c\u5bb6\u5f15\u9886\u7684\u8de8\u6587\u5316\u6df1\u5ea6\u4f53\u9a8c\u3002\u8ba9\u8702\u9e1f\u5e26\u60a8\u8dd1\u8fc7\u5386\u53f2\uff0c\u5954\u5411\u975e\u51e1\uff01<\/p>\n<p>&nbsp;<\/p>\n<p>\u81ea2014\u5e74\u624e\u6839\u62c9\u7f8e\uff0c\u6211\u4eec\u5df2\u6df1\u8015\u53e4\u5df4\u5e02\u573a10\u4f59\u5e74\uff0c\u662f\u5c11\u6570\u540c\u65f6\u5177\u5907\u58a8\u897f\u54e5\u3001\u53e4\u5df4\u5168\u5957\u65c5\u6e38\u7ecf\u8425\u8d44\u8d28\u7684\u4e2d\u8d44\u673a\u6784\u3002\u7f8e\u6d32\u8702\u9e1f\u4f5c\u4e3a\u53e4\u5df4\u56fd\u5bb6\u5546\u4f1a\u6210\u5458\u3001\u53ca\u58a8\u897f\u54e5\u8054\u90a6\u65c5\u6e38\u90e8\u8ba4\u8bc1\u7684\u56fd\u9645\u65c5\u6e38\u670d\u52a1\u5546\uff0c\u4ece\u739b\u96c5\u6587\u660e\u9057\u5740\u5230\u52a0\u52d2\u6bd4\u6d77\u5cb8\u7ebf\uff0c\u4ece\u5546\u52a1\u8003\u5bdf\u5230\u5b9a\u5236\u65c5\u884c\uff0c\u59cb\u7ec8\u4ee5\u4e13\u4e1a\u672c\u5730\u5316\u56e2\u961f\uff0c\u4e3a\u5168\u7403\u534e\u4eba\u63d0\u4f9b\u4e00\u7ad9\u5f0f\u76ee\u7684\u5730\u89e3\u51b3\u65b9\u6848\u3002[\/vc_column_text][\/vc_column][\/vc_row][vc_row][vc_column][vc_column_text css=&#8221;&#8221;]<\/p>\n<p data-start=\"45\" data-end=\"122\"><strong data-start=\"45\" data-end=\"120\"><img loading=\"lazy\" decoding=\"async\" class=\"alignnone size-medium wp-image-4600\" src=\"https:\/\/maratondelahabana.com\/wp-content\/uploads\/2025\/08\/Screenshot-2025-08-25-at-09.41.11-300x262.png\" alt=\"\" width=\"300\" height=\"262\" srcset=\"https:\/\/maratondelahabana.com\/wp-content\/uploads\/2025\/08\/Screenshot-2025-08-25-at-09.41.11-300x262.png 300w, https:\/\/maratondelahabana.com\/wp-content\/uploads\/2025\/08\/Screenshot-2025-08-25-at-09.41.11.png 1392w\" sizes=\"auto, (max-width: 300px) 100vw, 300px\" \/><\/strong><\/p>\n<p data-start=\"45\" data-end=\"122\"><strong data-start=\"45\" data-end=\"120\"><img loading=\"lazy\" decoding=\"async\" class=\"alignnone size-medium wp-image-4595\" src=\"https:\/\/maratondelahabana.com\/wp-content\/uploads\/2025\/08\/vlega-latam.png\" alt=\"\" width=\"1\" height=\"1\" \/>VLEGA LATAM: Experts in Sports and Cultural Travel Across Latin America<\/strong><\/p>\n<p data-start=\"124\" data-end=\"269\">At VLEGA LATAM, we\u2019ve spent years exploring every corner of Latin America, combining our three greatest passions: sports, history, and culture.<\/p>\n<p data-start=\"271\" data-end=\"424\">As the <strong data-start=\"278\" data-end=\"351\">official tour operator in Colombia for the Havana Marathon \u2013 Marabana<\/strong>, we offer an experience that goes far beyond crossing the finish line.<\/p>\n<p data-start=\"426\" data-end=\"717\">We handle everything: transfers, accommodation in strategically located hotels, and the support of a team of travel experts across the continent. And we don\u2019t stop there: we include cultural tours and activities designed to help you experience the true soul of Havana with all your senses.<\/p>\n<p data-start=\"719\" data-end=\"885\">At VLEGA LATAM, we\u2019re more than just a travel operator: <strong data-start=\"775\" data-end=\"818\">we\u2019re passionate travelers and athletes<\/strong>, and we know how to turn a race into an unforgettable adventure.<\/p>\n<p data-start=\"887\" data-end=\"952\"><strong data-start=\"887\" data-end=\"950\">Run Marabana with us. Run the Caribbean. Run Latin America.<\/strong><\/p>\n<p>[\/vc_column_text][\/vc_column][\/vc_row][vc_row][vc_column][vc_column_text css=&#8221;&#8221;]<\/p>\n<p data-start=\"124\" data-end=\"728\"><strong data-start=\"124\" data-end=\"178\"><img loading=\"lazy\" decoding=\"async\" class=\"alignnone size-medium wp-image-4616\" src=\"https:\/\/maratondelahabana.com\/wp-content\/uploads\/2025\/09\/Identidad-Daiquiri-medio-300x300.png\" alt=\"\" width=\"300\" height=\"300\" srcset=\"https:\/\/maratondelahabana.com\/wp-content\/uploads\/2025\/09\/Identidad-Daiquiri-medio-300x300.png 300w, https:\/\/maratondelahabana.com\/wp-content\/uploads\/2025\/09\/Identidad-Daiquiri-medio-150x150.png 150w, https:\/\/maratondelahabana.com\/wp-content\/uploads\/2025\/09\/Identidad-Daiquiri-medio.png 557w\" sizes=\"auto, (max-width: 300px) 100vw, 300px\" \/><\/strong><\/p>\n<p data-start=\"124\" data-end=\"728\"><strong data-start=\"124\" data-end=\"178\">Daiquir\u00ed\u202fTours, un grupo empresarial multinacional<\/strong><\/p>\n<p data-start=\"124\" data-end=\"728\">Fundada en 2002 como agencia de viajes, Daiquir\u00ed\u202fTours eligi\u00f3 Cuba como su destino principal y se ha especializado en \u00e9l desde entonces. Ha desarrollado una s\u00f3lida red de colaboradores y socios comerciales capaces de ofrecer y cubrir todos los servicios tur\u00edsticos en Cuba y en otras partes del mundo. Su presencia en la Isla, con oficinas propias y ejecutivos experimentados que dise\u00f1an y ofrecen productos propios con un alto compromiso con la calidad, le ha permitido consolidarse como una de las compa\u00f1\u00edas tur\u00edsticas m\u00e1s importantes de Cuba.<\/p>\n<p>[\/vc_column_text][\/vc_column][\/vc_row]<\/p>\n<\/div>","protected":false},"excerpt":{"rendered":"<p>[vc_row][vc_column][vc_column_text] MARATHON TOURS &amp; TRAVEL &nbsp; &nbsp; &nbsp; &nbsp; &nbsp; &nbsp; &nbsp; &nbsp; Travel to Cuba has become more popular and enticing, yet challenges still exist.\u00a0 As the official North America Tour Operator for the Havana Marathon, let Marathon Tours &amp; Travel take care of all the hassles for you!\u00a0 We will secure your visa [&hellip;]<\/p>\n","protected":false},"author":2,"featured_media":0,"parent":0,"menu_order":0,"comment_status":"closed","ping_status":"closed","template":"","meta":{"_monsterinsights_skip_tracking":false,"_monsterinsights_sitenote_active":false,"_monsterinsights_sitenote_note":"","_monsterinsights_sitenote_category":0,"footnotes":""},"class_list":["post-2375","page","type-page","status-publish","hentry"],"yoast_head":"<!-- This site is optimized with the Yoast SEO plugin v27.2 - https:\/\/yoast.com\/product\/yoast-seo-wordpress\/ -->\n<title>Tour operators &#8211; P\u00e1gina OFICIAL Marat\u00f3n de la Habana \/ Habana Marathon Official Site<\/title>\n<meta name=\"description\" content=\"Marabana 2018 se celebrar\u00e1 el domingo 18 de Noviembre de 2018 a las 7 am, con salida y llegada frente al Capitolio. Existen tres modalidades de carrera marat\u00f3n, media marat\u00f3n y 10k, todas con categor\u00eda de discapacitados.\" \/>\n<meta name=\"robots\" content=\"index, follow, max-snippet:-1, max-image-preview:large, max-video-preview:-1\" \/>\n<link rel=\"canonical\" href=\"https:\/\/maratondelahabana.com\/en\/tour-operators\/\" \/>\n<meta property=\"og:locale\" content=\"en_US\" \/>\n<meta property=\"og:type\" content=\"article\" \/>\n<meta property=\"og:title\" content=\"Tour operators &#8211; P\u00e1gina OFICIAL Marat\u00f3n de la Habana \/ Habana Marathon Official Site\" \/>\n<meta property=\"og:description\" content=\"Marabana 2018 se celebrar\u00e1 el domingo 18 de Noviembre de 2018 a las 7 am, con salida y llegada frente al Capitolio. Existen tres modalidades de carrera marat\u00f3n, media marat\u00f3n y 10k, todas con categor\u00eda de discapacitados.\" \/>\n<meta property=\"og:url\" content=\"https:\/\/maratondelahabana.com\/en\/tour-operators\/\" \/>\n<meta property=\"og:site_name\" content=\"P\u00e1gina OFICIAL Marat\u00f3n de la Habana \/ Habana Marathon Official Site\" \/>\n<meta property=\"article:publisher\" content=\"https:\/\/www.facebook.com\/MaratonDeLaHabanaMarabana\/\" \/>\n<meta property=\"article:modified_time\" content=\"2025-09-15T11:38:13+00:00\" \/>\n<meta property=\"og:image\" content=\"https:\/\/maratondelahabana.com\/wp-content\/uploads\/2022\/10\/MTT-Logo.png\" \/>\n\t<meta property=\"og:image:width\" content=\"1024\" \/>\n\t<meta property=\"og:image:height\" content=\"1024\" \/>\n\t<meta property=\"og:image:type\" content=\"image\/png\" \/>\n<meta name=\"twitter:card\" content=\"summary_large_image\" \/>\n<meta name=\"twitter:site\" content=\"@MaratonMarabana\" \/>\n<meta name=\"twitter:label1\" content=\"Est. reading time\" \/>\n\t<meta name=\"twitter:data1\" content=\"4 minutes\" \/>\n<script type=\"application\/ld+json\" class=\"yoast-schema-graph\">{\"@context\":\"https:\/\/schema.org\",\"@graph\":[{\"@type\":\"WebPage\",\"@id\":\"https:\/\/maratondelahabana.com\/en\/tour-operators\/\",\"url\":\"https:\/\/maratondelahabana.com\/en\/tour-operators\/\",\"name\":\"Tour operators &#8211; P\u00e1gina OFICIAL Marat\u00f3n de la Habana \/ Habana Marathon Official Site\",\"isPartOf\":{\"@id\":\"https:\/\/maratondelahabana.com\/en\/#website\"},\"primaryImageOfPage\":{\"@id\":\"https:\/\/maratondelahabana.com\/en\/tour-operators\/#primaryimage\"},\"image\":{\"@id\":\"https:\/\/maratondelahabana.com\/en\/tour-operators\/#primaryimage\"},\"thumbnailUrl\":\"https:\/\/maratondelahabana.com\/wp-content\/uploads\/2022\/10\/MTT-Logo-300x300.png\",\"datePublished\":\"2022-10-05T11:42:32+00:00\",\"dateModified\":\"2025-09-15T11:38:13+00:00\",\"description\":\"Marabana 2018 se celebrar\u00e1 el domingo 18 de Noviembre de 2018 a las 7 am, con salida y llegada frente al Capitolio. Existen tres modalidades de carrera marat\u00f3n, media marat\u00f3n y 10k, todas con categor\u00eda de discapacitados.\",\"breadcrumb\":{\"@id\":\"https:\/\/maratondelahabana.com\/en\/tour-operators\/#breadcrumb\"},\"inLanguage\":\"en-US\",\"potentialAction\":[{\"@type\":\"ReadAction\",\"target\":[\"https:\/\/maratondelahabana.com\/en\/tour-operators\/\"]}]},{\"@type\":\"ImageObject\",\"inLanguage\":\"en-US\",\"@id\":\"https:\/\/maratondelahabana.com\/en\/tour-operators\/#primaryimage\",\"url\":\"https:\/\/maratondelahabana.com\/wp-content\/uploads\/2022\/10\/MTT-Logo-300x300.png\",\"contentUrl\":\"https:\/\/maratondelahabana.com\/wp-content\/uploads\/2022\/10\/MTT-Logo-300x300.png\"},{\"@type\":\"BreadcrumbList\",\"@id\":\"https:\/\/maratondelahabana.com\/en\/tour-operators\/#breadcrumb\",\"itemListElement\":[{\"@type\":\"ListItem\",\"position\":1,\"name\":\"Home\",\"item\":\"https:\/\/maratondelahabana.com\/en\/\"},{\"@type\":\"ListItem\",\"position\":2,\"name\":\"Tour operators\"}]},{\"@type\":\"WebSite\",\"@id\":\"https:\/\/maratondelahabana.com\/en\/#website\",\"url\":\"https:\/\/maratondelahabana.com\/en\/\",\"name\":\"P\u00e1gina OFICIAL Marat\u00f3n de la Habana \/ Habana Marathon Official Site\",\"description\":\"Marat\u00f3n de la Habana\",\"potentialAction\":[{\"@type\":\"SearchAction\",\"target\":{\"@type\":\"EntryPoint\",\"urlTemplate\":\"https:\/\/maratondelahabana.com\/en\/?s={search_term_string}\"},\"query-input\":{\"@type\":\"PropertyValueSpecification\",\"valueRequired\":true,\"valueName\":\"search_term_string\"}}],\"inLanguage\":\"en-US\"}]}<\/script>\n<!-- \/ Yoast SEO plugin. -->","yoast_head_json":{"title":"Tour operators &#8211; P\u00e1gina OFICIAL Marat\u00f3n de la Habana \/ Habana Marathon Official Site","description":"Marabana 2018 se celebrar\u00e1 el domingo 18 de Noviembre de 2018 a las 7 am, con salida y llegada frente al Capitolio. Existen tres modalidades de carrera marat\u00f3n, media marat\u00f3n y 10k, todas con categor\u00eda de discapacitados.","robots":{"index":"index","follow":"follow","max-snippet":"max-snippet:-1","max-image-preview":"max-image-preview:large","max-video-preview":"max-video-preview:-1"},"canonical":"https:\/\/maratondelahabana.com\/en\/tour-operators\/","og_locale":"en_US","og_type":"article","og_title":"Tour operators &#8211; P\u00e1gina OFICIAL Marat\u00f3n de la Habana \/ Habana Marathon Official Site","og_description":"Marabana 2018 se celebrar\u00e1 el domingo 18 de Noviembre de 2018 a las 7 am, con salida y llegada frente al Capitolio. Existen tres modalidades de carrera marat\u00f3n, media marat\u00f3n y 10k, todas con categor\u00eda de discapacitados.","og_url":"https:\/\/maratondelahabana.com\/en\/tour-operators\/","og_site_name":"P\u00e1gina OFICIAL Marat\u00f3n de la Habana \/ Habana Marathon Official Site","article_publisher":"https:\/\/www.facebook.com\/MaratonDeLaHabanaMarabana\/","article_modified_time":"2025-09-15T11:38:13+00:00","og_image":[{"width":1024,"height":1024,"url":"https:\/\/maratondelahabana.com\/wp-content\/uploads\/2022\/10\/MTT-Logo.png","type":"image\/png"}],"twitter_card":"summary_large_image","twitter_site":"@MaratonMarabana","twitter_misc":{"Est. reading time":"4 minutes"},"schema":{"@context":"https:\/\/schema.org","@graph":[{"@type":"WebPage","@id":"https:\/\/maratondelahabana.com\/en\/tour-operators\/","url":"https:\/\/maratondelahabana.com\/en\/tour-operators\/","name":"Tour operators &#8211; P\u00e1gina OFICIAL Marat\u00f3n de la Habana \/ Habana Marathon Official Site","isPartOf":{"@id":"https:\/\/maratondelahabana.com\/en\/#website"},"primaryImageOfPage":{"@id":"https:\/\/maratondelahabana.com\/en\/tour-operators\/#primaryimage"},"image":{"@id":"https:\/\/maratondelahabana.com\/en\/tour-operators\/#primaryimage"},"thumbnailUrl":"https:\/\/maratondelahabana.com\/wp-content\/uploads\/2022\/10\/MTT-Logo-300x300.png","datePublished":"2022-10-05T11:42:32+00:00","dateModified":"2025-09-15T11:38:13+00:00","description":"Marabana 2018 se celebrar\u00e1 el domingo 18 de Noviembre de 2018 a las 7 am, con salida y llegada frente al Capitolio. Existen tres modalidades de carrera marat\u00f3n, media marat\u00f3n y 10k, todas con categor\u00eda de discapacitados.","breadcrumb":{"@id":"https:\/\/maratondelahabana.com\/en\/tour-operators\/#breadcrumb"},"inLanguage":"en-US","potentialAction":[{"@type":"ReadAction","target":["https:\/\/maratondelahabana.com\/en\/tour-operators\/"]}]},{"@type":"ImageObject","inLanguage":"en-US","@id":"https:\/\/maratondelahabana.com\/en\/tour-operators\/#primaryimage","url":"https:\/\/maratondelahabana.com\/wp-content\/uploads\/2022\/10\/MTT-Logo-300x300.png","contentUrl":"https:\/\/maratondelahabana.com\/wp-content\/uploads\/2022\/10\/MTT-Logo-300x300.png"},{"@type":"BreadcrumbList","@id":"https:\/\/maratondelahabana.com\/en\/tour-operators\/#breadcrumb","itemListElement":[{"@type":"ListItem","position":1,"name":"Home","item":"https:\/\/maratondelahabana.com\/en\/"},{"@type":"ListItem","position":2,"name":"Tour operators"}]},{"@type":"WebSite","@id":"https:\/\/maratondelahabana.com\/en\/#website","url":"https:\/\/maratondelahabana.com\/en\/","name":"P\u00e1gina OFICIAL Marat\u00f3n de la Habana \/ Habana Marathon Official Site","description":"Marat\u00f3n de la Habana","potentialAction":[{"@type":"SearchAction","target":{"@type":"EntryPoint","urlTemplate":"https:\/\/maratondelahabana.com\/en\/?s={search_term_string}"},"query-input":{"@type":"PropertyValueSpecification","valueRequired":true,"valueName":"search_term_string"}}],"inLanguage":"en-US"}]}},"_links":{"self":[{"href":"https:\/\/maratondelahabana.com\/en\/wp-json\/wp\/v2\/pages\/2375","targetHints":{"allow":["GET"]}}],"collection":[{"href":"https:\/\/maratondelahabana.com\/en\/wp-json\/wp\/v2\/pages"}],"about":[{"href":"https:\/\/maratondelahabana.com\/en\/wp-json\/wp\/v2\/types\/page"}],"author":[{"embeddable":true,"href":"https:\/\/maratondelahabana.com\/en\/wp-json\/wp\/v2\/users\/2"}],"replies":[{"embeddable":true,"href":"https:\/\/maratondelahabana.com\/en\/wp-json\/wp\/v2\/comments?post=2375"}],"version-history":[{"count":15,"href":"https:\/\/maratondelahabana.com\/en\/wp-json\/wp\/v2\/pages\/2375\/revisions"}],"predecessor-version":[{"id":4618,"href":"https:\/\/maratondelahabana.com\/en\/wp-json\/wp\/v2\/pages\/2375\/revisions\/4618"}],"wp:attachment":[{"href":"https:\/\/maratondelahabana.com\/en\/wp-json\/wp\/v2\/media?parent=2375"}],"curies":[{"name":"wp","href":"https:\/\/api.w.org\/{rel}","templated":true}]}}