{"id":340,"date":"2018-05-28T08:57:33","date_gmt":"2018-05-28T08:57:33","guid":{"rendered":"http:\/\/maratondelahabana.com\/?page_id=340"},"modified":"2026-04-09T09:06:38","modified_gmt":"2026-04-09T09:06:38","slug":"general-information","status":"publish","type":"page","link":"https:\/\/maratondelahabana.com\/en\/general-information\/","title":{"rendered":"General information"},"content":{"rendered":"<div class=\"wpb-content-wrapper\"><p>[vc_row][vc_column width=&#8221;1\/3&#8243; css=&#8221;.vc_custom_1526982960136{background-color: #ebebeb !important;}&#8221; el_class=&#8221;marabana_col_left&#8221;][vc_column_text css=&#8221;&#8221; el_class=&#8221;info_marabana_col_left&#8221;]<\/p>\n<h3><strong>General information<\/strong><\/h3>\n<ul>\n<li style=\"list-style-type: none;\">\n<ul>\n<li><strong>Date:<\/strong><br \/>\nSunday November 15th 2026<\/li>\n<li><strong>Time:<\/strong><br \/>\n6am<\/li>\n<li><strong>Location:<\/strong><br \/>\nSala Ramon Font \u2013 Independencia Avenue between 19 de Mayo and Avenida Salvador Allende (Next to the Revolution Square)<strong><br \/>\n<\/strong><\/li>\n<\/ul>\n<\/li>\n<\/ul>\n<p>[\/vc_column_text][vc_column_text css=&#8221;&#8221; el_class=&#8221;info_marabana_col_left&#8221;]<\/p>\n<h3><strong>BIB NUMBER PICK UP<\/strong><\/h3>\n<ul>\n<li style=\"list-style-type: none;\">\n<ul>\n<li><strong>Location:<\/strong><br \/>\nHotel Sede de Marabana &#8211; Hotel Habana Libre<br \/>\nCalle L e\/23 y 25, Vedado, La Habana, Cuba.<\/li>\n<\/ul>\n<\/li>\n<\/ul>\n<p><strong>Date and time:<\/strong><br \/>\nOn November 11th, 12th, 13th, and 14th, from 9:00 a.m. to 7:00 p.m.<\/p>\n<p>&nbsp;<\/p>\n<p><img loading=\"lazy\" decoding=\"async\" class=\"alignnone size-medium wp-image-2690\" src=\"https:\/\/maratondelahabana.com\/wp-content\/uploads\/2023\/03\/tryp-habanalibre-vista-general-9252-300x215.jpg\" alt=\"\" width=\"300\" height=\"215\" srcset=\"https:\/\/maratondelahabana.com\/wp-content\/uploads\/2023\/03\/tryp-habanalibre-vista-general-9252-300x215.jpg 300w, https:\/\/maratondelahabana.com\/wp-content\/uploads\/2023\/03\/tryp-habanalibre-vista-general-9252-1024x733.jpg 1024w, https:\/\/maratondelahabana.com\/wp-content\/uploads\/2023\/03\/tryp-habanalibre-vista-general-9252-768x550.jpg 768w, https:\/\/maratondelahabana.com\/wp-content\/uploads\/2023\/03\/tryp-habanalibre-vista-general-9252-1536x1100.jpg 1536w, https:\/\/maratondelahabana.com\/wp-content\/uploads\/2023\/03\/tryp-habanalibre-vista-general-9252-2048x1466.jpg 2048w\" sizes=\"auto, (max-width: 300px) 100vw, 300px\" \/>[\/vc_column_text][\/vc_column][vc_column width=&#8221;2\/3&#8243; el_class=&#8221;marabana_col_right&#8221;][vc_raw_js]JTNDJTIxLS0lMjBGYWNlYm9vayUyMFBpeGVsJTIwQ29kZSUyMC0tJTNFJTBBJTNDc2NyaXB0JTNFJTBBJTIwJTIwJTIxZnVuY3Rpb24lMjhmJTJDYiUyQ2UlMkN2JTJDbiUyQ3QlMkNzJTI5JTBBJTIwJTIwJTdCaWYlMjhmLmZicSUyOXJldHVybiUzQm4lM0RmLmZicSUzRGZ1bmN0aW9uJTI4JTI5JTdCbi5jYWxsTWV0aG9kJTNGJTBBJTIwJTIwbi5jYWxsTWV0aG9kLmFwcGx5JTI4biUyQ2FyZ3VtZW50cyUyOSUzQW4ucXVldWUucHVzaCUyOGFyZ3VtZW50cyUyOSU3RCUzQiUwQSUyMCUyMGlmJTI4JTIxZi5fZmJxJTI5Zi5fZmJxJTNEbiUzQm4ucHVzaCUzRG4lM0JuLmxvYWRlZCUzRCUyMTAlM0JuLnZlcnNpb24lM0QlMjcyLjAlMjclM0IlMEElMjAlMjBuLnF1ZXVlJTNEJTVCJTVEJTNCdCUzRGIuY3JlYXRlRWxlbWVudCUyOGUlMjklM0J0LmFzeW5jJTNEJTIxMCUzQiUwQSUyMCUyMHQuc3JjJTNEdiUzQnMlM0RiLmdldEVsZW1lbnRzQnlUYWdOYW1lJTI4ZSUyOSU1QjAlNUQlM0IlMEElMjAlMjBzLnBhcmVudE5vZGUuaW5zZXJ0QmVmb3JlJTI4dCUyQ3MlMjklN0QlMjh3aW5kb3clMkMlMjBkb2N1bWVudCUyQyUyN3NjcmlwdCUyNyUyQyUwQSUyMCUyMCUyN2h0dHBzJTNBJTJGJTJGY29ubmVjdC5mYWNlYm9vay5uZXQlMkZlbl9VUyUyRmZiZXZlbnRzLmpzJTI3JTI5JTNCJTBBJTIwJTIwZmJxJTI4JTI3aW5pdCUyNyUyQyUyMCUyNzI3MDM1NzM0MzYwOTg5NSUyNyUyOSUzQiUwQSUyMCUyMGZicSUyOCUyN3RyYWNrJTI3JTJDJTIwJTI3UGFnZVZpZXclMjclMjklM0IlMEElM0MlMkZzY3JpcHQlM0UlMEElM0Nub3NjcmlwdCUzRSUzQ2ltZyUyMGhlaWdodCUzRCUyMjElMjIlMjB3aWR0aCUzRCUyMjElMjIlMjBzdHlsZSUzRCUyMmRpc3BsYXklM0Fub25lJTIyJTBBJTIwJTIwc3JjJTNEJTIyaHR0cHMlM0ElMkYlMkZ3d3cuZmFjZWJvb2suY29tJTJGdHIlM0ZpZCUzRDI3MDM1NzM0MzYwOTg5NSUyNmV2JTNEUGFnZVZpZXclMjZub3NjcmlwdCUzRDElMjIlMEElMkYlM0UlM0MlMkZub3NjcmlwdCUzRSUwQSUzQyUyMS0tJTIwRW5kJTIwRmFjZWJvb2slMjBQaXhlbCUyMENvZGUlMjAtLSUzRQ==[\/vc_raw_js][vc_column_text css=&#8221;&#8221; el_class=&#8221;info_marabana&#8221;]<\/p>\n<h3><strong>MARABANA CUBA 2025<\/strong><\/h3>\n<p>After a few years of uncertainty and limitations, the Marabana 2026 wants to welcome all runners in the great party of Cuban sport on november 15th, and bring together thousands of participants from all over the island, as well as many foreigners, making the Marabana a great international race.<\/p>\n<p>Registration is now open through the official website of the event, which gives you the option to choose any of the possible distances: Marathon, Half Marathon, 10K or 5K.[\/vc_column_text][vc_single_image image=&#8221;2879&#8243; img_size=&#8221;full&#8221;][vc_empty_space height=&#8221;25px&#8221;][vc_column_text el_class=&#8221;info_marabana&#8221;]<\/p>\n<h3><strong>Categor\u00edas<\/strong><\/h3>\n<div class=\"items_categorias\">\n<div class=\"item_cat\">\n<div class=\"info_cat\"><strong>Sub 30 years<\/strong><\/div>\n<\/div>\n<div class=\"item_cat\">\n<div class=\"titol_cat\">Submaster<\/div>\n<div class=\"titol_cat\">(30-35 years)<\/div>\n<\/div>\n<div class=\"item_cat\">\n<div class=\"titol_cat\">Master A<\/div>\n<div class=\"titol_cat\">(36-40 years)<\/div>\n<\/div>\n<div class=\"item_cat\">\n<div class=\"titol_cat\">Master B<\/div>\n<div class=\"titol_cat\">(41-45 years)<\/div>\n<\/div>\n<div class=\"item_cat\">\n<div class=\"titol_cat\">Master C<\/div>\n<div class=\"titol_cat\">(46-50 years)<\/div>\n<\/div>\n<div class=\"item_cat\">\n<div class=\"titol_cat\">Master D<\/div>\n<div class=\"titol_cat\">(51-55 years)<\/div>\n<\/div>\n<div class=\"item_cat\">\n<div class=\"titol_cat\">Master E<\/div>\n<div class=\"titol_cat\">(56-60 years)<\/div>\n<\/div>\n<div class=\"item_cat\">\n<div class=\"titol_cat\">Master F<\/div>\n<div class=\"titol_cat\">(61-65 years)<\/div>\n<\/div>\n<div class=\"item_cat\">\n<div class=\"titol_cat\">Master G<\/div>\n<div class=\"titol_cat\">(66-70 years)<\/div>\n<\/div>\n<div class=\"item_cat\">\n<div class=\"titol_cat\">Master H<\/div>\n<div class=\"titol_cat\">(More than 70 years)<\/div>\n<\/div>\n<\/div>\n<p>[\/vc_column_text][vc_empty_space height=&#8221;40px&#8221;][\/vc_column][\/vc_row][vc_row][vc_column][vc_empty_space height=&#8221;40px&#8221;][\/vc_column][\/vc_row]<\/p>\n<\/div>","protected":false},"excerpt":{"rendered":"<p>[vc_row][vc_column width=&#8221;1\/3&#8243; css=&#8221;.vc_custom_1526982960136{background-color: #ebebeb !important;}&#8221; el_class=&#8221;marabana_col_left&#8221;][vc_column_text css=&#8221;&#8221; el_class=&#8221;info_marabana_col_left&#8221;] General information Date: Sunday November 15th 2026 Time: 6am Location: Sala Ramon Font \u2013 Independencia Avenue between 19 de Mayo and Avenida Salvador Allende (Next to the Revolution Square) [\/vc_column_text][vc_column_text css=&#8221;&#8221; el_class=&#8221;info_marabana_col_left&#8221;] BIB NUMBER PICK UP Location: Hotel Sede de Marabana &#8211; Hotel Habana Libre Calle L [&hellip;]<\/p>\n","protected":false},"author":1,"featured_media":0,"parent":0,"menu_order":0,"comment_status":"closed","ping_status":"closed","template":"","meta":{"_monsterinsights_skip_tracking":false,"_monsterinsights_sitenote_active":false,"_monsterinsights_sitenote_note":"","_monsterinsights_sitenote_category":0,"footnotes":""},"class_list":["post-340","page","type-page","status-publish","hentry"],"yoast_head":"<!-- This site is optimized with the Yoast SEO plugin v27.2 - https:\/\/yoast.com\/product\/yoast-seo-wordpress\/ -->\n<title>General information &#8211; P\u00e1gina OFICIAL Marat\u00f3n de la Habana \/ Habana Marathon Official Site<\/title>\n<meta name=\"description\" content=\"Marabana 2026 se celebrar\u00e1 el domingo 15 de noviembre de 2026 a las 6:30am, con salida y llegada frente al Capitolio. Existen tres modalidades de carrera marat\u00f3n, media marat\u00f3n y 10k, todas con categor\u00eda de discapacitados.\" \/>\n<meta name=\"robots\" content=\"index, follow, max-snippet:-1, max-image-preview:large, max-video-preview:-1\" \/>\n<link rel=\"canonical\" href=\"https:\/\/maratondelahabana.com\/en\/general-information\/\" \/>\n<meta property=\"og:locale\" content=\"en_US\" \/>\n<meta property=\"og:type\" content=\"article\" \/>\n<meta property=\"og:title\" content=\"General information &#8211; P\u00e1gina OFICIAL Marat\u00f3n de la Habana \/ Habana Marathon Official Site\" \/>\n<meta property=\"og:description\" content=\"Marabana 2026 se celebrar\u00e1 el domingo 15 de noviembre de 2026 a las 6:30am, con salida y llegada frente al Capitolio. Existen tres modalidades de carrera marat\u00f3n, media marat\u00f3n y 10k, todas con categor\u00eda de discapacitados.\" \/>\n<meta property=\"og:url\" content=\"https:\/\/maratondelahabana.com\/en\/general-information\/\" \/>\n<meta property=\"og:site_name\" content=\"P\u00e1gina OFICIAL Marat\u00f3n de la Habana \/ Habana Marathon Official Site\" \/>\n<meta property=\"article:publisher\" content=\"https:\/\/www.facebook.com\/MaratonDeLaHabanaMarabana\/\" \/>\n<meta property=\"article:modified_time\" content=\"2026-04-09T09:06:38+00:00\" \/>\n<meta property=\"og:image\" content=\"https:\/\/maratondelahabana.com\/wp-content\/uploads\/2023\/03\/tryp-habanalibre-vista-general-9252-scaled.jpg\" \/>\n\t<meta property=\"og:image:width\" content=\"2560\" \/>\n\t<meta property=\"og:image:height\" content=\"1833\" \/>\n\t<meta property=\"og:image:type\" content=\"image\/jpeg\" \/>\n<meta name=\"twitter:card\" content=\"summary_large_image\" \/>\n<meta name=\"twitter:site\" content=\"@MaratonMarabana\" \/>\n<meta name=\"twitter:label1\" content=\"Est. reading time\" \/>\n\t<meta name=\"twitter:data1\" content=\"2 minutes\" \/>\n<script type=\"application\/ld+json\" class=\"yoast-schema-graph\">{\"@context\":\"https:\/\/schema.org\",\"@graph\":[{\"@type\":\"WebPage\",\"@id\":\"https:\/\/maratondelahabana.com\/en\/general-information\/\",\"url\":\"https:\/\/maratondelahabana.com\/en\/general-information\/\",\"name\":\"General information &#8211; P\u00e1gina OFICIAL Marat\u00f3n de la Habana \/ Habana Marathon Official Site\",\"isPartOf\":{\"@id\":\"https:\/\/maratondelahabana.com\/en\/#website\"},\"primaryImageOfPage\":{\"@id\":\"https:\/\/maratondelahabana.com\/en\/general-information\/#primaryimage\"},\"image\":{\"@id\":\"https:\/\/maratondelahabana.com\/en\/general-information\/#primaryimage\"},\"thumbnailUrl\":\"https:\/\/maratondelahabana.com\/wp-content\/uploads\/2023\/03\/tryp-habanalibre-vista-general-9252-300x215.jpg\",\"datePublished\":\"2018-05-28T08:57:33+00:00\",\"dateModified\":\"2026-04-09T09:06:38+00:00\",\"description\":\"Marabana 2026 se celebrar\u00e1 el domingo 15 de noviembre de 2026 a las 6:30am, con salida y llegada frente al Capitolio. Existen tres modalidades de carrera marat\u00f3n, media marat\u00f3n y 10k, todas con categor\u00eda de discapacitados.\",\"breadcrumb\":{\"@id\":\"https:\/\/maratondelahabana.com\/en\/general-information\/#breadcrumb\"},\"inLanguage\":\"en-US\",\"potentialAction\":[{\"@type\":\"ReadAction\",\"target\":[\"https:\/\/maratondelahabana.com\/en\/general-information\/\"]}]},{\"@type\":\"ImageObject\",\"inLanguage\":\"en-US\",\"@id\":\"https:\/\/maratondelahabana.com\/en\/general-information\/#primaryimage\",\"url\":\"https:\/\/maratondelahabana.com\/wp-content\/uploads\/2023\/03\/tryp-habanalibre-vista-general-9252-300x215.jpg\",\"contentUrl\":\"https:\/\/maratondelahabana.com\/wp-content\/uploads\/2023\/03\/tryp-habanalibre-vista-general-9252-300x215.jpg\"},{\"@type\":\"BreadcrumbList\",\"@id\":\"https:\/\/maratondelahabana.com\/en\/general-information\/#breadcrumb\",\"itemListElement\":[{\"@type\":\"ListItem\",\"position\":1,\"name\":\"Home\",\"item\":\"https:\/\/maratondelahabana.com\/en\/\"},{\"@type\":\"ListItem\",\"position\":2,\"name\":\"General information\"}]},{\"@type\":\"WebSite\",\"@id\":\"https:\/\/maratondelahabana.com\/en\/#website\",\"url\":\"https:\/\/maratondelahabana.com\/en\/\",\"name\":\"P\u00e1gina OFICIAL Marat\u00f3n de la Habana \/ Habana Marathon Official Site\",\"description\":\"Marat\u00f3n de la Habana\",\"potentialAction\":[{\"@type\":\"SearchAction\",\"target\":{\"@type\":\"EntryPoint\",\"urlTemplate\":\"https:\/\/maratondelahabana.com\/en\/?s={search_term_string}\"},\"query-input\":{\"@type\":\"PropertyValueSpecification\",\"valueRequired\":true,\"valueName\":\"search_term_string\"}}],\"inLanguage\":\"en-US\"}]}<\/script>\n<!-- \/ Yoast SEO plugin. -->","yoast_head_json":{"title":"General information &#8211; P\u00e1gina OFICIAL Marat\u00f3n de la Habana \/ Habana Marathon Official Site","description":"Marabana 2026 se celebrar\u00e1 el domingo 15 de noviembre de 2026 a las 6:30am, con salida y llegada frente al Capitolio. Existen tres modalidades de carrera marat\u00f3n, media marat\u00f3n y 10k, todas con categor\u00eda de discapacitados.","robots":{"index":"index","follow":"follow","max-snippet":"max-snippet:-1","max-image-preview":"max-image-preview:large","max-video-preview":"max-video-preview:-1"},"canonical":"https:\/\/maratondelahabana.com\/en\/general-information\/","og_locale":"en_US","og_type":"article","og_title":"General information &#8211; P\u00e1gina OFICIAL Marat\u00f3n de la Habana \/ Habana Marathon Official Site","og_description":"Marabana 2026 se celebrar\u00e1 el domingo 15 de noviembre de 2026 a las 6:30am, con salida y llegada frente al Capitolio. Existen tres modalidades de carrera marat\u00f3n, media marat\u00f3n y 10k, todas con categor\u00eda de discapacitados.","og_url":"https:\/\/maratondelahabana.com\/en\/general-information\/","og_site_name":"P\u00e1gina OFICIAL Marat\u00f3n de la Habana \/ Habana Marathon Official Site","article_publisher":"https:\/\/www.facebook.com\/MaratonDeLaHabanaMarabana\/","article_modified_time":"2026-04-09T09:06:38+00:00","og_image":[{"width":2560,"height":1833,"url":"https:\/\/maratondelahabana.com\/wp-content\/uploads\/2023\/03\/tryp-habanalibre-vista-general-9252-scaled.jpg","type":"image\/jpeg"}],"twitter_card":"summary_large_image","twitter_site":"@MaratonMarabana","twitter_misc":{"Est. reading time":"2 minutes"},"schema":{"@context":"https:\/\/schema.org","@graph":[{"@type":"WebPage","@id":"https:\/\/maratondelahabana.com\/en\/general-information\/","url":"https:\/\/maratondelahabana.com\/en\/general-information\/","name":"General information &#8211; P\u00e1gina OFICIAL Marat\u00f3n de la Habana \/ Habana Marathon Official Site","isPartOf":{"@id":"https:\/\/maratondelahabana.com\/en\/#website"},"primaryImageOfPage":{"@id":"https:\/\/maratondelahabana.com\/en\/general-information\/#primaryimage"},"image":{"@id":"https:\/\/maratondelahabana.com\/en\/general-information\/#primaryimage"},"thumbnailUrl":"https:\/\/maratondelahabana.com\/wp-content\/uploads\/2023\/03\/tryp-habanalibre-vista-general-9252-300x215.jpg","datePublished":"2018-05-28T08:57:33+00:00","dateModified":"2026-04-09T09:06:38+00:00","description":"Marabana 2026 se celebrar\u00e1 el domingo 15 de noviembre de 2026 a las 6:30am, con salida y llegada frente al Capitolio. Existen tres modalidades de carrera marat\u00f3n, media marat\u00f3n y 10k, todas con categor\u00eda de discapacitados.","breadcrumb":{"@id":"https:\/\/maratondelahabana.com\/en\/general-information\/#breadcrumb"},"inLanguage":"en-US","potentialAction":[{"@type":"ReadAction","target":["https:\/\/maratondelahabana.com\/en\/general-information\/"]}]},{"@type":"ImageObject","inLanguage":"en-US","@id":"https:\/\/maratondelahabana.com\/en\/general-information\/#primaryimage","url":"https:\/\/maratondelahabana.com\/wp-content\/uploads\/2023\/03\/tryp-habanalibre-vista-general-9252-300x215.jpg","contentUrl":"https:\/\/maratondelahabana.com\/wp-content\/uploads\/2023\/03\/tryp-habanalibre-vista-general-9252-300x215.jpg"},{"@type":"BreadcrumbList","@id":"https:\/\/maratondelahabana.com\/en\/general-information\/#breadcrumb","itemListElement":[{"@type":"ListItem","position":1,"name":"Home","item":"https:\/\/maratondelahabana.com\/en\/"},{"@type":"ListItem","position":2,"name":"General information"}]},{"@type":"WebSite","@id":"https:\/\/maratondelahabana.com\/en\/#website","url":"https:\/\/maratondelahabana.com\/en\/","name":"P\u00e1gina OFICIAL Marat\u00f3n de la Habana \/ Habana Marathon Official Site","description":"Marat\u00f3n de la Habana","potentialAction":[{"@type":"SearchAction","target":{"@type":"EntryPoint","urlTemplate":"https:\/\/maratondelahabana.com\/en\/?s={search_term_string}"},"query-input":{"@type":"PropertyValueSpecification","valueRequired":true,"valueName":"search_term_string"}}],"inLanguage":"en-US"}]}},"_links":{"self":[{"href":"https:\/\/maratondelahabana.com\/en\/wp-json\/wp\/v2\/pages\/340","targetHints":{"allow":["GET"]}}],"collection":[{"href":"https:\/\/maratondelahabana.com\/en\/wp-json\/wp\/v2\/pages"}],"about":[{"href":"https:\/\/maratondelahabana.com\/en\/wp-json\/wp\/v2\/types\/page"}],"author":[{"embeddable":true,"href":"https:\/\/maratondelahabana.com\/en\/wp-json\/wp\/v2\/users\/1"}],"replies":[{"embeddable":true,"href":"https:\/\/maratondelahabana.com\/en\/wp-json\/wp\/v2\/comments?post=340"}],"version-history":[{"count":42,"href":"https:\/\/maratondelahabana.com\/en\/wp-json\/wp\/v2\/pages\/340\/revisions"}],"predecessor-version":[{"id":4718,"href":"https:\/\/maratondelahabana.com\/en\/wp-json\/wp\/v2\/pages\/340\/revisions\/4718"}],"wp:attachment":[{"href":"https:\/\/maratondelahabana.com\/en\/wp-json\/wp\/v2\/media?parent=340"}],"curies":[{"name":"wp","href":"https:\/\/api.w.org\/{rel}","templated":true}]}}