{"id":344,"date":"2018-05-28T09:01:19","date_gmt":"2018-05-28T09:01:19","guid":{"rendered":"http:\/\/maratondelahabana.com\/?page_id=344"},"modified":"2024-04-19T10:08:16","modified_gmt":"2024-04-19T10:08:16","slug":"travel","status":"publish","type":"page","link":"https:\/\/maratondelahabana.com\/en\/general-information\/travel\/","title":{"rendered":"The Circuit"},"content":{"rendered":"<div class=\"wpb-content-wrapper\"><p>[vc_row][vc_column width=&#8221;1\/6&#8243;][\/vc_column][vc_column width=&#8221;2\/3&#8243;][vc_column_text el_class=&#8221;title_apartat&#8221;]<\/p>\n<h2 style=\"text-align: center;\"><strong>THE CIRCUIT<\/strong><\/h2>\n<p>[\/vc_column_text][vc_column_text]<\/p>\n<p style=\"text-align: center;\">The circuit is certified by the AIMS\/WA. The Half Marathon has a distance of 21.097 km, in a circular route with start and finish at the same place Avenida Independia y 19 de mayo, in front of Ramon Font Hall. The Marathon distance runs two laps, covering a final distance of 42.195 km.<\/p>\n<p style=\"text-align: center;\">The route runs through the following streets and avenues: Independencia Ave., Salvador Allende (Carlos Tercero) Amistad, Dragones Prado, Animas, De las Misiones Ave. De los estudiantes, Malec\u00f3n, Calzada, 12th Street, 23rd Street, 26th Avenue, Boyeros, Santa Catalina, Primelles, V\u00eda Blanca, Independencia Avenue (Boyeros) and 19 de Mayo.<\/p>\n<p>&nbsp;<\/p>\n<h4 style=\"text-align: left;\"><strong>10K Circuit<\/strong><\/h4>\n<p>&nbsp;<\/p>\n<p style=\"text-align: center;\">The start and finish line is at the Ram\u00f3n Font Hall, with a route that runs through the following streets and avenues: Independencia Ave, Salvador Allende (Carlos Tercero) Amistad, Dragones Prado, Animas, De las Misiones Ave, Ave. De los estudiantes, Malec\u00f3n, turn and go back along the Malec\u00f3n to Dragones Prado, Amistad, Reina, Zapata, Carlos Manuel de C\u00e9spedes, 19 de Mayo, Ave Independencia (Boyeros).<\/p>\n<p>[\/vc_column_text][\/vc_column][vc_column width=&#8221;1\/6&#8243;][\/vc_column][\/vc_row][vc_row][vc_column width=&#8221;1\/3&#8243;][vc_images_carousel images=&#8221;2980,2978&#8243; img_size=&#8221;medium&#8221; mode=&#8221;vertical&#8221; title=&#8221;Marathon&#8221;][\/vc_column][vc_column width=&#8221;1\/3&#8243;][vc_images_carousel images=&#8221;2783,2983&#8243; img_size=&#8221;medium&#8221; mode=&#8221;vertical&#8221; title=&#8221;Half Marathon&#8221;][\/vc_column][vc_column width=&#8221;1\/3&#8243;][vc_images_carousel images=&#8221;2988,2986&#8243; img_size=&#8221;medium&#8221; mode=&#8221;vertical&#8221; title=&#8221;10k&#8221;][\/vc_column][\/vc_row][vc_row][vc_column][vc_empty_space height=&#8221;40px&#8221;][\/vc_column][\/vc_row]<\/p>\n<\/div>","protected":false},"excerpt":{"rendered":"<p>[vc_row][vc_column width=&#8221;1\/6&#8243;][\/vc_column][vc_column width=&#8221;2\/3&#8243;][vc_column_text el_class=&#8221;title_apartat&#8221;] THE CIRCUIT [\/vc_column_text][vc_column_text] The circuit is certified by the AIMS\/WA. The Half Marathon has a distance of 21.097 km, in a circular route with start and finish at the same place Avenida Independia y 19 de mayo, in front of Ramon Font Hall. The Marathon distance runs two laps, covering a [&hellip;]<\/p>\n","protected":false},"author":1,"featured_media":0,"parent":340,"menu_order":0,"comment_status":"closed","ping_status":"closed","template":"","meta":{"_monsterinsights_skip_tracking":false,"_monsterinsights_sitenote_active":false,"_monsterinsights_sitenote_note":"","_monsterinsights_sitenote_category":0,"footnotes":""},"class_list":["post-344","page","type-page","status-publish","hentry"],"yoast_head":"<!-- This site is optimized with the Yoast SEO plugin v27.2 - https:\/\/yoast.com\/product\/yoast-seo-wordpress\/ -->\n<title>The Circuit &#8211; P\u00e1gina OFICIAL Marat\u00f3n de la Habana \/ Habana Marathon Official Site<\/title>\n<meta name=\"description\" content=\"Marabana 2023 se celebrar\u00e1 el domingo 19 de Noviembre de 2023 a las 6:30am, con salida y llegada frente al Capitolio. Existen tres modalidades de carrera marat\u00f3n, media marat\u00f3n y 10k, todas con categor\u00eda de discapacitados.\" \/>\n<meta name=\"robots\" content=\"index, follow, max-snippet:-1, max-image-preview:large, max-video-preview:-1\" \/>\n<link rel=\"canonical\" href=\"https:\/\/maratondelahabana.com\/en\/general-information\/travel\/\" \/>\n<meta property=\"og:locale\" content=\"en_US\" \/>\n<meta property=\"og:type\" content=\"article\" \/>\n<meta property=\"og:title\" content=\"The Circuit &#8211; P\u00e1gina OFICIAL Marat\u00f3n de la Habana \/ Habana Marathon Official Site\" \/>\n<meta property=\"og:description\" content=\"Marabana 2023 se celebrar\u00e1 el domingo 19 de Noviembre de 2023 a las 6:30am, con salida y llegada frente al Capitolio. Existen tres modalidades de carrera marat\u00f3n, media marat\u00f3n y 10k, todas con categor\u00eda de discapacitados.\" \/>\n<meta property=\"og:url\" content=\"https:\/\/maratondelahabana.com\/en\/general-information\/travel\/\" \/>\n<meta property=\"og:site_name\" content=\"P\u00e1gina OFICIAL Marat\u00f3n de la Habana \/ Habana Marathon Official Site\" \/>\n<meta property=\"article:publisher\" content=\"https:\/\/www.facebook.com\/MaratonDeLaHabanaMarabana\/\" \/>\n<meta property=\"article:modified_time\" content=\"2024-04-19T10:08:16+00:00\" \/>\n<meta name=\"twitter:card\" content=\"summary_large_image\" \/>\n<meta name=\"twitter:site\" content=\"@MaratonMarabana\" \/>\n<meta name=\"twitter:label1\" content=\"Est. reading time\" \/>\n\t<meta name=\"twitter:data1\" content=\"1 minute\" \/>\n<script type=\"application\/ld+json\" class=\"yoast-schema-graph\">{\"@context\":\"https:\/\/schema.org\",\"@graph\":[{\"@type\":\"WebPage\",\"@id\":\"https:\/\/maratondelahabana.com\/en\/general-information\/travel\/\",\"url\":\"https:\/\/maratondelahabana.com\/en\/general-information\/travel\/\",\"name\":\"The Circuit &#8211; P\u00e1gina OFICIAL Marat\u00f3n de la Habana \/ Habana Marathon Official Site\",\"isPartOf\":{\"@id\":\"https:\/\/maratondelahabana.com\/en\/#website\"},\"datePublished\":\"2018-05-28T09:01:19+00:00\",\"dateModified\":\"2024-04-19T10:08:16+00:00\",\"description\":\"Marabana 2023 se celebrar\u00e1 el domingo 19 de Noviembre de 2023 a las 6:30am, con salida y llegada frente al Capitolio. Existen tres modalidades de carrera marat\u00f3n, media marat\u00f3n y 10k, todas con categor\u00eda de discapacitados.\",\"breadcrumb\":{\"@id\":\"https:\/\/maratondelahabana.com\/en\/general-information\/travel\/#breadcrumb\"},\"inLanguage\":\"en-US\",\"potentialAction\":[{\"@type\":\"ReadAction\",\"target\":[\"https:\/\/maratondelahabana.com\/en\/general-information\/travel\/\"]}]},{\"@type\":\"BreadcrumbList\",\"@id\":\"https:\/\/maratondelahabana.com\/en\/general-information\/travel\/#breadcrumb\",\"itemListElement\":[{\"@type\":\"ListItem\",\"position\":1,\"name\":\"Home\",\"item\":\"https:\/\/maratondelahabana.com\/en\/\"},{\"@type\":\"ListItem\",\"position\":2,\"name\":\"General information\",\"item\":\"https:\/\/maratondelahabana.com\/en\/general-information\/\"},{\"@type\":\"ListItem\",\"position\":3,\"name\":\"The Circuit\"}]},{\"@type\":\"WebSite\",\"@id\":\"https:\/\/maratondelahabana.com\/en\/#website\",\"url\":\"https:\/\/maratondelahabana.com\/en\/\",\"name\":\"P\u00e1gina OFICIAL Marat\u00f3n de la Habana \/ Habana Marathon Official Site\",\"description\":\"Marat\u00f3n de la Habana\",\"potentialAction\":[{\"@type\":\"SearchAction\",\"target\":{\"@type\":\"EntryPoint\",\"urlTemplate\":\"https:\/\/maratondelahabana.com\/en\/?s={search_term_string}\"},\"query-input\":{\"@type\":\"PropertyValueSpecification\",\"valueRequired\":true,\"valueName\":\"search_term_string\"}}],\"inLanguage\":\"en-US\"}]}<\/script>\n<!-- \/ Yoast SEO plugin. -->","yoast_head_json":{"title":"The Circuit &#8211; P\u00e1gina OFICIAL Marat\u00f3n de la Habana \/ Habana Marathon Official Site","description":"Marabana 2023 se celebrar\u00e1 el domingo 19 de Noviembre de 2023 a las 6:30am, con salida y llegada frente al Capitolio. Existen tres modalidades de carrera marat\u00f3n, media marat\u00f3n y 10k, todas con categor\u00eda de discapacitados.","robots":{"index":"index","follow":"follow","max-snippet":"max-snippet:-1","max-image-preview":"max-image-preview:large","max-video-preview":"max-video-preview:-1"},"canonical":"https:\/\/maratondelahabana.com\/en\/general-information\/travel\/","og_locale":"en_US","og_type":"article","og_title":"The Circuit &#8211; P\u00e1gina OFICIAL Marat\u00f3n de la Habana \/ Habana Marathon Official Site","og_description":"Marabana 2023 se celebrar\u00e1 el domingo 19 de Noviembre de 2023 a las 6:30am, con salida y llegada frente al Capitolio. Existen tres modalidades de carrera marat\u00f3n, media marat\u00f3n y 10k, todas con categor\u00eda de discapacitados.","og_url":"https:\/\/maratondelahabana.com\/en\/general-information\/travel\/","og_site_name":"P\u00e1gina OFICIAL Marat\u00f3n de la Habana \/ Habana Marathon Official Site","article_publisher":"https:\/\/www.facebook.com\/MaratonDeLaHabanaMarabana\/","article_modified_time":"2024-04-19T10:08:16+00:00","twitter_card":"summary_large_image","twitter_site":"@MaratonMarabana","twitter_misc":{"Est. reading time":"1 minute"},"schema":{"@context":"https:\/\/schema.org","@graph":[{"@type":"WebPage","@id":"https:\/\/maratondelahabana.com\/en\/general-information\/travel\/","url":"https:\/\/maratondelahabana.com\/en\/general-information\/travel\/","name":"The Circuit &#8211; P\u00e1gina OFICIAL Marat\u00f3n de la Habana \/ Habana Marathon Official Site","isPartOf":{"@id":"https:\/\/maratondelahabana.com\/en\/#website"},"datePublished":"2018-05-28T09:01:19+00:00","dateModified":"2024-04-19T10:08:16+00:00","description":"Marabana 2023 se celebrar\u00e1 el domingo 19 de Noviembre de 2023 a las 6:30am, con salida y llegada frente al Capitolio. Existen tres modalidades de carrera marat\u00f3n, media marat\u00f3n y 10k, todas con categor\u00eda de discapacitados.","breadcrumb":{"@id":"https:\/\/maratondelahabana.com\/en\/general-information\/travel\/#breadcrumb"},"inLanguage":"en-US","potentialAction":[{"@type":"ReadAction","target":["https:\/\/maratondelahabana.com\/en\/general-information\/travel\/"]}]},{"@type":"BreadcrumbList","@id":"https:\/\/maratondelahabana.com\/en\/general-information\/travel\/#breadcrumb","itemListElement":[{"@type":"ListItem","position":1,"name":"Home","item":"https:\/\/maratondelahabana.com\/en\/"},{"@type":"ListItem","position":2,"name":"General information","item":"https:\/\/maratondelahabana.com\/en\/general-information\/"},{"@type":"ListItem","position":3,"name":"The Circuit"}]},{"@type":"WebSite","@id":"https:\/\/maratondelahabana.com\/en\/#website","url":"https:\/\/maratondelahabana.com\/en\/","name":"P\u00e1gina OFICIAL Marat\u00f3n de la Habana \/ Habana Marathon Official Site","description":"Marat\u00f3n de la Habana","potentialAction":[{"@type":"SearchAction","target":{"@type":"EntryPoint","urlTemplate":"https:\/\/maratondelahabana.com\/en\/?s={search_term_string}"},"query-input":{"@type":"PropertyValueSpecification","valueRequired":true,"valueName":"search_term_string"}}],"inLanguage":"en-US"}]}},"_links":{"self":[{"href":"https:\/\/maratondelahabana.com\/en\/wp-json\/wp\/v2\/pages\/344","targetHints":{"allow":["GET"]}}],"collection":[{"href":"https:\/\/maratondelahabana.com\/en\/wp-json\/wp\/v2\/pages"}],"about":[{"href":"https:\/\/maratondelahabana.com\/en\/wp-json\/wp\/v2\/types\/page"}],"author":[{"embeddable":true,"href":"https:\/\/maratondelahabana.com\/en\/wp-json\/wp\/v2\/users\/1"}],"replies":[{"embeddable":true,"href":"https:\/\/maratondelahabana.com\/en\/wp-json\/wp\/v2\/comments?post=344"}],"version-history":[{"count":21,"href":"https:\/\/maratondelahabana.com\/en\/wp-json\/wp\/v2\/pages\/344\/revisions"}],"predecessor-version":[{"id":3179,"href":"https:\/\/maratondelahabana.com\/en\/wp-json\/wp\/v2\/pages\/344\/revisions\/3179"}],"up":[{"embeddable":true,"href":"https:\/\/maratondelahabana.com\/en\/wp-json\/wp\/v2\/pages\/340"}],"wp:attachment":[{"href":"https:\/\/maratondelahabana.com\/en\/wp-json\/wp\/v2\/media?parent=344"}],"curies":[{"name":"wp","href":"https:\/\/api.w.org\/{rel}","templated":true}]}}