{"id":348,"date":"2018-05-28T09:07:58","date_gmt":"2018-05-28T09:07:58","guid":{"rendered":"http:\/\/maratondelahabana.com\/?page_id=348"},"modified":"2023-02-15T08:47:01","modified_gmt":"2023-02-15T08:47:01","slug":"campeonatos","status":"publish","type":"page","link":"https:\/\/maratondelahabana.com\/en\/general-information\/campeonatos\/","title":{"rendered":"Championships"},"content":{"rendered":"<div class=\"wpb-content-wrapper\"><p>[vc_row][vc_column][vc_column_text el_class=&#8221;tit_campeonatos&#8221;]<\/p>\n<h3><strong>CHAMPIONSHIPS IN MARABANA CUBA<\/strong><\/h3>\n<p>[\/vc_column_text][vc_tta_tour shape=&#8221;square&#8221; active_section=&#8221;1&#8243; el_class=&#8221;tour_campeonatos&#8221;][vc_tta_section title=&#8221;MARATHON&#8221; tab_id=&#8221;marathon&#8221;][vc_column_text]<\/p>\n<h3 style=\"text-align: left;\"><strong>MARATHON<\/strong><\/h3>\n<p>[\/vc_column_text][vc_row_inner][vc_column_inner width=&#8221;1\/2&#8243;][vc_column_text]<\/p>\n<ul class=\"list_ul\">\n<li>Marabana Cuba International Prize in men&#8217;s marathon<\/li>\n<li>Marabana Cuba International Prize in women&#8217;s marathon<\/li>\n<li>National Open Marathon Championship for men<\/li>\n<li>Women&#8217;s marathon open national championship<\/li>\n<li>Men&#8217;s Marathon Masters Open Championship<\/li>\n<li>Women&#8217;s Marathon Masters Open Championship<\/li>\n<li>Open Masters B Marathon Men&#8217;s Championship<\/li>\n<li>Open national championship masters b marathon for women<\/li>\n<li>Open Masters C Marathon Men&#8217;s Championship<\/li>\n<\/ul>\n<p>[\/vc_column_text][\/vc_column_inner][vc_column_inner width=&#8221;1\/2&#8243;][vc_column_text]<\/p>\n<ul class=\"list_ul\">\n<li>Open championship master c marathon for women<\/li>\n<li>Open Masters D Marathon Men&#8217;s Championship<\/li>\n<li>Open Masters D Marathon Women&#8217;s Championship<\/li>\n<li>Open Masters e Marathon Men&#8217;s Championship<\/li>\n<li>Open Masters E Marathon Women&#8217;s Championship<\/li>\n<li>Open Masters F Marathon Men&#8217;s Championship<\/li>\n<li>Open Masters F Marathon Women&#8217;s Championship<\/li>\n<li>Open Masters G Marathon Men&#8217;s Championship<\/li>\n<li>Open Championship Masters H Marathon for men<\/li>\n<\/ul>\n<p>[\/vc_column_text][\/vc_column_inner][\/vc_row_inner][\/vc_tta_section][vc_tta_section title=&#8221;MARATHON RUNNERS FOR HANDICAPPED&#8221; tab_id=&#8221;marathon-handicapped&#8221;][vc_column_text]<\/p>\n<h3 style=\"text-align: left;\"><strong>MARATHON RUNNERS FOR HANDICAPPED<br \/>\n<\/strong><\/h3>\n<p>[\/vc_column_text][vc_row_inner][vc_column_inner width=&#8221;1\/2&#8243;][vc_column_text]<\/p>\n<ul>\n<li>Open Marathon Championships for the deaf for men<\/li>\n<li>Open Marathon Championships for the deaf for women<\/li>\n<li>Open Marathon Championships for the blind running with their male counterparts<\/li>\n<\/ul>\n<p>[\/vc_column_text][\/vc_column_inner][vc_column_inner width=&#8221;1\/2&#8243;][vc_column_text]<\/p>\n<ul class=\"list_ul\">\n<li>Open Marathon Championships for blind runners, running with their female counterparts<\/li>\n<li>Open Marathon Championships for wheelchair runners for men<\/li>\n<li>Open Marathon Championships for wheelchair runners for women<\/li>\n<\/ul>\n<p>[\/vc_column_text][\/vc_column_inner][\/vc_row_inner][\/vc_tta_section][vc_tta_section title=&#8221;HALF MARATHON&#8221; tab_id=&#8221;half-marathon&#8221;][vc_column_text]<\/p>\n<h3 style=\"text-align: left;\"><strong>HALF MARATHON<\/strong><\/h3>\n<p>[\/vc_column_text][vc_row_inner][vc_column_inner width=&#8221;1\/2&#8243;][vc_column_text]<\/p>\n<ul class=\"list_ul\">\n<li>Marabana Cuba International Prize in half marathon for men<\/li>\n<li>Marabana Cuba International Prize in half marathon for women<\/li>\n<li>Men&#8217;s half marathon national open championship<\/li>\n<li>Men&#8217;s half marathon open national championship<\/li>\n<li>Men&#8217;s half marathon masters open championship<\/li>\n<li>Women&#8217;s open masters half marathon national championship<\/li>\n<li>Men&#8217;s open masters b half marathon championship<\/li>\n<li>Women&#8217;s open masters b half marathon championship<\/li>\n<li>Men&#8217;s open masters c half marathon championship<\/li>\n<\/ul>\n<p>[\/vc_column_text][\/vc_column_inner][vc_column_inner width=&#8221;1\/2&#8243;][vc_column_text]<\/p>\n<ul class=\"list_ul\">\n<li>Open championship masters c half marathon for women<\/li>\n<li>Open championship masters d half-marathon for men<\/li>\n<li>Open championship masters d women&#8217;s half marathon<\/li>\n<li>Men&#8217;s open masters e half marathon championship<\/li>\n<li>Open masters e half marathon women&#8217;s championship<\/li>\n<li>Men&#8217;s open masters f half marathon championship<\/li>\n<li>Open Master&#8217;s Championship f half marathon for women<\/li>\n<li>Open Championship masters G Half Marathon for men<\/li>\n<li>Open Championship masters h half marathon for men<\/li>\n<\/ul>\n<p>[\/vc_column_text][\/vc_column_inner][\/vc_row_inner][\/vc_tta_section][vc_tta_section title=&#8221;HALF MARATHON RUNNERS FOR HANDICAPPED&#8221; tab_id=&#8221;half-marathon-handicapped&#8221;][vc_column_text]<\/p>\n<h3 style=\"text-align: left;\"><strong>HALF MARATHON RUNNERS FOR HANDICAPPED<\/strong><\/h3>\n<p>[\/vc_column_text][vc_row_inner][vc_column_inner width=&#8221;1\/2&#8243;][vc_column_text]<\/p>\n<ul class=\"list_ul\">\n<li>Open Half Marathon championships for the deaf for men<\/li>\n<li>Open half-marathon championship for the deaf for women<\/li>\n<li>Open half-marathon championship for the blind running with their male counterparts<\/li>\n<\/ul>\n<p>[\/vc_column_text][\/vc_column_inner][vc_column_inner width=&#8221;1\/2&#8243;][vc_column_text]<\/p>\n<ul class=\"list_ul\">\n<li>Open half marathon championships for blind runners who run with their female counterparts<\/li>\n<li>Open half marathon championship for wheelchair runners for men<\/li>\n<li>Open half marathon championship for wheelchair runners for women<\/li>\n<\/ul>\n<p>[\/vc_column_text][\/vc_column_inner][\/vc_row_inner][\/vc_tta_section][vc_tta_section title=&#8221;RACE AND WALKING DISCIPLINE&#8221; tab_id=&#8221;carreer-participatory-hike&#8221;][vc_column_text]<\/p>\n<h3 style=\"text-align: left;\"><strong>RACE AND WALK IN WHICH ONLY DELIVER CERTIFICATE OF TIME AND PLACE ACHIEVED<\/strong><\/h3>\n<p>[\/vc_column_text][vc_row_inner][vc_column_inner width=&#8221;1\/2&#8243;][vc_column_text]<\/p>\n<ul class=\"list_ul\">\n<li>Men&#8217;s 5 km participatory race.<\/li>\n<li>Participatory race 5 km for women.<\/li>\n<li>Men&#8217;s 10 km free category race including medal.<\/li>\n<\/ul>\n<p>[\/vc_column_text][\/vc_column_inner][vc_column_inner width=&#8221;1\/2&#8243;][vc_column_text]<\/p>\n<ul class=\"list_ul\">\n<li>Women&#8217;s 10 km free category race including medal.<\/li>\n<li>Participatory walk to the optional distance for men.<\/li>\n<li>Optional distance walk optional for women.<\/li>\n<\/ul>\n<p>[\/vc_column_text][\/vc_column_inner][\/vc_row_inner][\/vc_tta_section][\/vc_tta_tour][\/vc_column][\/vc_row][vc_row][vc_column][vc_empty_space height=&#8221;40px&#8221;][\/vc_column][\/vc_row]<\/p>\n<\/div>","protected":false},"excerpt":{"rendered":"<p>[vc_row][vc_column][vc_column_text el_class=&#8221;tit_campeonatos&#8221;] CHAMPIONSHIPS IN MARABANA CUBA [\/vc_column_text][vc_tta_tour shape=&#8221;square&#8221; active_section=&#8221;1&#8243; el_class=&#8221;tour_campeonatos&#8221;][vc_tta_section title=&#8221;MARATHON&#8221; tab_id=&#8221;marathon&#8221;][vc_column_text] MARATHON [\/vc_column_text][vc_row_inner][vc_column_inner width=&#8221;1\/2&#8243;][vc_column_text] Marabana Cuba International Prize in men&#8217;s marathon Marabana Cuba International Prize in women&#8217;s marathon National Open Marathon Championship for men Women&#8217;s marathon open national championship Men&#8217;s Marathon Masters Open Championship Women&#8217;s Marathon Masters Open Championship Open Masters B Marathon Men&#8217;s [&hellip;]<\/p>\n","protected":false},"author":1,"featured_media":0,"parent":340,"menu_order":0,"comment_status":"closed","ping_status":"closed","template":"","meta":{"_monsterinsights_skip_tracking":false,"_monsterinsights_sitenote_active":false,"_monsterinsights_sitenote_note":"","_monsterinsights_sitenote_category":0,"footnotes":""},"class_list":["post-348","page","type-page","status-publish","hentry"],"yoast_head":"<!-- This site is optimized with the Yoast SEO plugin v27.2 - https:\/\/yoast.com\/product\/yoast-seo-wordpress\/ -->\n<title>Championships &#8211; P\u00e1gina OFICIAL Marat\u00f3n de la Habana \/ Habana Marathon Official Site<\/title>\n<meta name=\"description\" content=\"Marabana 2023 se celebrar\u00e1 el domingo 19 de noviembre de 2023 a las 7 am, con salida y llegada frente al Capitolio. Existen tres modalidades de carrera marat\u00f3n, media marat\u00f3n y 10k, todas con categor\u00eda de discapacitados.\" \/>\n<meta name=\"robots\" content=\"index, follow, max-snippet:-1, max-image-preview:large, max-video-preview:-1\" \/>\n<link rel=\"canonical\" href=\"https:\/\/maratondelahabana.com\/en\/general-information\/campeonatos\/\" \/>\n<meta property=\"og:locale\" content=\"en_US\" \/>\n<meta property=\"og:type\" content=\"article\" \/>\n<meta property=\"og:title\" content=\"Championships &#8211; P\u00e1gina OFICIAL Marat\u00f3n de la Habana \/ Habana Marathon Official Site\" \/>\n<meta property=\"og:description\" content=\"Marabana 2023 se celebrar\u00e1 el domingo 19 de noviembre de 2023 a las 7 am, con salida y llegada frente al Capitolio. Existen tres modalidades de carrera marat\u00f3n, media marat\u00f3n y 10k, todas con categor\u00eda de discapacitados.\" \/>\n<meta property=\"og:url\" content=\"https:\/\/maratondelahabana.com\/en\/general-information\/campeonatos\/\" \/>\n<meta property=\"og:site_name\" content=\"P\u00e1gina OFICIAL Marat\u00f3n de la Habana \/ Habana Marathon Official Site\" \/>\n<meta property=\"article:publisher\" content=\"https:\/\/www.facebook.com\/MaratonDeLaHabanaMarabana\/\" \/>\n<meta property=\"article:modified_time\" content=\"2023-02-15T08:47:01+00:00\" \/>\n<meta name=\"twitter:card\" content=\"summary_large_image\" \/>\n<meta name=\"twitter:site\" content=\"@MaratonMarabana\" \/>\n<meta name=\"twitter:label1\" content=\"Est. reading time\" \/>\n\t<meta name=\"twitter:data1\" content=\"3 minutes\" \/>\n<script type=\"application\/ld+json\" class=\"yoast-schema-graph\">{\"@context\":\"https:\/\/schema.org\",\"@graph\":[{\"@type\":\"WebPage\",\"@id\":\"https:\/\/maratondelahabana.com\/en\/general-information\/campeonatos\/\",\"url\":\"https:\/\/maratondelahabana.com\/en\/general-information\/campeonatos\/\",\"name\":\"Championships &#8211; P\u00e1gina OFICIAL Marat\u00f3n de la Habana \/ Habana Marathon Official Site\",\"isPartOf\":{\"@id\":\"https:\/\/maratondelahabana.com\/en\/#website\"},\"datePublished\":\"2018-05-28T09:07:58+00:00\",\"dateModified\":\"2023-02-15T08:47:01+00:00\",\"description\":\"Marabana 2023 se celebrar\u00e1 el domingo 19 de noviembre de 2023 a las 7 am, con salida y llegada frente al Capitolio. Existen tres modalidades de carrera marat\u00f3n, media marat\u00f3n y 10k, todas con categor\u00eda de discapacitados.\",\"breadcrumb\":{\"@id\":\"https:\/\/maratondelahabana.com\/en\/general-information\/campeonatos\/#breadcrumb\"},\"inLanguage\":\"en-US\",\"potentialAction\":[{\"@type\":\"ReadAction\",\"target\":[\"https:\/\/maratondelahabana.com\/en\/general-information\/campeonatos\/\"]}]},{\"@type\":\"BreadcrumbList\",\"@id\":\"https:\/\/maratondelahabana.com\/en\/general-information\/campeonatos\/#breadcrumb\",\"itemListElement\":[{\"@type\":\"ListItem\",\"position\":1,\"name\":\"Home\",\"item\":\"https:\/\/maratondelahabana.com\/en\/\"},{\"@type\":\"ListItem\",\"position\":2,\"name\":\"General information\",\"item\":\"https:\/\/maratondelahabana.com\/en\/general-information\/\"},{\"@type\":\"ListItem\",\"position\":3,\"name\":\"Championships\"}]},{\"@type\":\"WebSite\",\"@id\":\"https:\/\/maratondelahabana.com\/en\/#website\",\"url\":\"https:\/\/maratondelahabana.com\/en\/\",\"name\":\"P\u00e1gina OFICIAL Marat\u00f3n de la Habana \/ Habana Marathon Official Site\",\"description\":\"Marat\u00f3n de la Habana\",\"potentialAction\":[{\"@type\":\"SearchAction\",\"target\":{\"@type\":\"EntryPoint\",\"urlTemplate\":\"https:\/\/maratondelahabana.com\/en\/?s={search_term_string}\"},\"query-input\":{\"@type\":\"PropertyValueSpecification\",\"valueRequired\":true,\"valueName\":\"search_term_string\"}}],\"inLanguage\":\"en-US\"}]}<\/script>\n<!-- \/ Yoast SEO plugin. -->","yoast_head_json":{"title":"Championships &#8211; P\u00e1gina OFICIAL Marat\u00f3n de la Habana \/ Habana Marathon Official Site","description":"Marabana 2023 se celebrar\u00e1 el domingo 19 de noviembre de 2023 a las 7 am, con salida y llegada frente al Capitolio. Existen tres modalidades de carrera marat\u00f3n, media marat\u00f3n y 10k, todas con categor\u00eda de discapacitados.","robots":{"index":"index","follow":"follow","max-snippet":"max-snippet:-1","max-image-preview":"max-image-preview:large","max-video-preview":"max-video-preview:-1"},"canonical":"https:\/\/maratondelahabana.com\/en\/general-information\/campeonatos\/","og_locale":"en_US","og_type":"article","og_title":"Championships &#8211; P\u00e1gina OFICIAL Marat\u00f3n de la Habana \/ Habana Marathon Official Site","og_description":"Marabana 2023 se celebrar\u00e1 el domingo 19 de noviembre de 2023 a las 7 am, con salida y llegada frente al Capitolio. Existen tres modalidades de carrera marat\u00f3n, media marat\u00f3n y 10k, todas con categor\u00eda de discapacitados.","og_url":"https:\/\/maratondelahabana.com\/en\/general-information\/campeonatos\/","og_site_name":"P\u00e1gina OFICIAL Marat\u00f3n de la Habana \/ Habana Marathon Official Site","article_publisher":"https:\/\/www.facebook.com\/MaratonDeLaHabanaMarabana\/","article_modified_time":"2023-02-15T08:47:01+00:00","twitter_card":"summary_large_image","twitter_site":"@MaratonMarabana","twitter_misc":{"Est. reading time":"3 minutes"},"schema":{"@context":"https:\/\/schema.org","@graph":[{"@type":"WebPage","@id":"https:\/\/maratondelahabana.com\/en\/general-information\/campeonatos\/","url":"https:\/\/maratondelahabana.com\/en\/general-information\/campeonatos\/","name":"Championships &#8211; P\u00e1gina OFICIAL Marat\u00f3n de la Habana \/ Habana Marathon Official Site","isPartOf":{"@id":"https:\/\/maratondelahabana.com\/en\/#website"},"datePublished":"2018-05-28T09:07:58+00:00","dateModified":"2023-02-15T08:47:01+00:00","description":"Marabana 2023 se celebrar\u00e1 el domingo 19 de noviembre de 2023 a las 7 am, con salida y llegada frente al Capitolio. Existen tres modalidades de carrera marat\u00f3n, media marat\u00f3n y 10k, todas con categor\u00eda de discapacitados.","breadcrumb":{"@id":"https:\/\/maratondelahabana.com\/en\/general-information\/campeonatos\/#breadcrumb"},"inLanguage":"en-US","potentialAction":[{"@type":"ReadAction","target":["https:\/\/maratondelahabana.com\/en\/general-information\/campeonatos\/"]}]},{"@type":"BreadcrumbList","@id":"https:\/\/maratondelahabana.com\/en\/general-information\/campeonatos\/#breadcrumb","itemListElement":[{"@type":"ListItem","position":1,"name":"Home","item":"https:\/\/maratondelahabana.com\/en\/"},{"@type":"ListItem","position":2,"name":"General information","item":"https:\/\/maratondelahabana.com\/en\/general-information\/"},{"@type":"ListItem","position":3,"name":"Championships"}]},{"@type":"WebSite","@id":"https:\/\/maratondelahabana.com\/en\/#website","url":"https:\/\/maratondelahabana.com\/en\/","name":"P\u00e1gina OFICIAL Marat\u00f3n de la Habana \/ Habana Marathon Official Site","description":"Marat\u00f3n de la Habana","potentialAction":[{"@type":"SearchAction","target":{"@type":"EntryPoint","urlTemplate":"https:\/\/maratondelahabana.com\/en\/?s={search_term_string}"},"query-input":{"@type":"PropertyValueSpecification","valueRequired":true,"valueName":"search_term_string"}}],"inLanguage":"en-US"}]}},"_links":{"self":[{"href":"https:\/\/maratondelahabana.com\/en\/wp-json\/wp\/v2\/pages\/348","targetHints":{"allow":["GET"]}}],"collection":[{"href":"https:\/\/maratondelahabana.com\/en\/wp-json\/wp\/v2\/pages"}],"about":[{"href":"https:\/\/maratondelahabana.com\/en\/wp-json\/wp\/v2\/types\/page"}],"author":[{"embeddable":true,"href":"https:\/\/maratondelahabana.com\/en\/wp-json\/wp\/v2\/users\/1"}],"replies":[{"embeddable":true,"href":"https:\/\/maratondelahabana.com\/en\/wp-json\/wp\/v2\/comments?post=348"}],"version-history":[{"count":5,"href":"https:\/\/maratondelahabana.com\/en\/wp-json\/wp\/v2\/pages\/348\/revisions"}],"predecessor-version":[{"id":2603,"href":"https:\/\/maratondelahabana.com\/en\/wp-json\/wp\/v2\/pages\/348\/revisions\/2603"}],"up":[{"embeddable":true,"href":"https:\/\/maratondelahabana.com\/en\/wp-json\/wp\/v2\/pages\/340"}],"wp:attachment":[{"href":"https:\/\/maratondelahabana.com\/en\/wp-json\/wp\/v2\/media?parent=348"}],"curies":[{"name":"wp","href":"https:\/\/api.w.org\/{rel}","templated":true}]}}