{"id":352,"date":"2018-05-28T09:30:00","date_gmt":"2018-05-28T09:30:00","guid":{"rendered":"http:\/\/maratondelahabana.com\/?page_id=352"},"modified":"2023-04-25T09:02:24","modified_gmt":"2023-04-25T09:02:24","slug":"tips","status":"publish","type":"page","link":"https:\/\/maratondelahabana.com\/en\/general-information\/tips\/","title":{"rendered":"Tips"},"content":{"rendered":"<div class=\"wpb-content-wrapper\"><p>[vc_row][vc_column width=&#8221;1\/3&#8243; css=&#8221;.vc_custom_1527149307524{background-color: #ebebeb !important;}&#8221; el_class=&#8221;marabana_col_left&#8221;][vc_column_text el_class=&#8221;info_marabana_col_left&#8221; el_id=&#8221;oasis_col_left&#8221;]<\/p>\n<h3><strong>Oases points<\/strong><\/h3>\n<p><strong>Oases points<\/strong> include medical and refreshment stalls, located in:<\/p>\n<ul class=\"puntos_oasis\">\n<li>Sala Ramon Font &#8211; start and finish line (42.195km \/ 21.097km \/ 10km).<\/li>\n<li>Ave Independencia y Carlos III (42.195km) &#8211; shower.<\/li>\n<li>Dragones e\/Industria y Paseo del Prado (10km \/ 21km \/ 42km).<\/li>\n<li>Reina y Lealtad (return 10km).<\/li>\n<li>Malec\u00f3n y Genios (21km \/ 42km).<\/li>\n<li>Malec\u00f3n y Genios (return 10km).<\/li>\n<li>Malec\u00f3n y L (21km \/ 42km).<\/li>\n<li>Restaurante 1830 (21km \/ 42km) &#8211; shower.<\/li>\n<li>12 y 19 (21km \/ 42km).<\/li>\n<li>26 y 29 (21km \/ 42km).<\/li>\n<li>26 y recurso (21km \/ 42km).<\/li>\n<li>Primelle e\/Formento y V\u00eda Blanca (21km \/ 42km).<\/li>\n<li>Boyeros y Santa Ana (in front to the ministerio de la Agricultura (21km \/ 42km).<\/li>\n<\/ul>\n<p>For more information about <strong>OASIS spots<\/strong>, see the ciruit <a href=\"https:\/\/maratondelahabana.com\/en\/general-information\/travel\/\" target=\"_blank\" rel=\"noopener noreferrer\">HERE<\/a>[\/vc_column_text][\/vc_column][vc_column width=&#8221;2\/3&#8243; el_class=&#8221;marabana_col_right&#8221;][vc_tta_accordion c_position=&#8221;right&#8221; active_section=&#8221;&#8221; collapsible_all=&#8221;true&#8221; el_class=&#8221;acc_consejos&#8221;][vc_tta_section title=&#8221;MEDICAL ADVICE TO RUN IN HAVANA&#8221; tab_id=&#8221;1526969863411-4e36cbe5-50b5&#8243;][vc_column_text]Medical Management Marabana Cuba taking into account the experience of 25 years of work and having premised on protecting the health of brokers based on the nature of our tropical climate where temperature and high humidity prevail, suggests a set of tips which they are intended to prevent you sustain a state of severe dehydration, which is always a medical emergency, and other issues of lesser magnitude but that can affect your happy experience of running our Marabana Cuba.<\/p>\n<ol>\n<li>If you have a medical condition, please request approval from your doctor, just as we ask our doctors and specialists on documents issued by your doctor about this report, that will allow us to ensure efficient and effective assistance in case if necessary.<\/li>\n<li>Participate in the distance for which it is well trained for this exercise is so strong that may be excessive for your body and endanger their health and even their lives, regardless of age and disposition.<\/li>\n<li>The day before the race and drink as much energy foods rich in carbohydrates such as pasta.\u00a0On this day I eat very little meat, fish and the like, as well as foods that produce waste in the intestines such as salads.<\/li>\n<li>Do not drink alcoholic beverages in the days before the race as these dehydrate and adversely alter the energy metabolism.<\/li>\n<li>During the race drink as much, drink water at every refreshment point even without thirst.\u00a0Thirst is usually below the real water needs of the body.<\/li>\n<li>Use cap during the race for thereby significantly reduce the effects of sunlight on your body.<\/li>\n<li>Use fresh, preferably cotton clothing or high in this, that allows transpire without difficulty and also he does not produce friction points in the armpits and thighs.<\/li>\n<li>We recommend using a lubricant if his physique chafing thighs and armpits occurs.<\/li>\n<li>Do not wear new shoes on race day how good this is, as this may cause you blisters and lesions.\u00a0Use your feet have already changed with use.<\/li>\n<li>Use appropriate socks for running.<\/li>\n<li>Do not run over the edge of the asphalt because its inclination can injure you by overloading will suffer one of his lower limbs.<\/li>\n<li>Try to feed on citrus during the race if tolerated.<\/li>\n<li>Do not do things you have not done before, the day of the race is to implement what you have practiced in your workouts, the race is not one more day of training.<\/li>\n<li>Relax, keep in mind that the day you must rest and sleep.<\/li>\n<li>Foreigners by signing their registration, brokers assume responsibility for a medical checkup that guarantees you can run the selected distance and travel agencies shall ensure that possess the appropriate medical insurance has been made.<strong>\u00a0<\/strong><\/li>\n<\/ol>\n<p>[\/vc_column_text][\/vc_tta_section][vc_tta_section title=&#8221;CHARACTERIZATION CLIMATE IN THE RACE WEEK&#8221; tab_id=&#8221;1526969863422-ab154f7a-52ea&#8221;][vc_column_text]<span class=\"\">Havana in November, is characterized by the predominance of warm days with little temperature variation.<\/span><\/p>\n<p>This is the answer to the particularities of the regime of radiation and atmospheric circulation, which are inherent to the western part of the territory during this month, and also involved geographical physical characteristics of the locality.<\/p>\n<p>The months of November, December and January are characterized by little sunshine, reporting in the hours before the meridian, the more light hours in after-noon.\u00a0In research it was found that in this month has 22% chance of minor and equal values \u200b\u200bare reached 3.0 hours light, 42% to lower values \u200b\u200band equal to 6.0 hours light and 80% for lower magnitudes or equal to 9.0 hours light.<\/p>\n<p>In November low sun height values \u200b\u200bare reported, which correspond to low magnitudes of solar radiation, reaching its peak at 12:00 hours.<\/p>\n<p>In that month it is often the influx of migratory anticyclones (high pressure centers in the North American continent), which tend to move towards the southeast and then east.\u00a0The masses of cold air companions reach Cuba after the cold fronts with winds north and tidal waves that occasionally cause storm surges on the coast.<\/p>\n<p>After passage of the front, down the temperature and air moisture content, although this month the thermal contrast in Casablanca, where the meteorological institute is set, is not so large.\u00a0The average for the capital is 2 to 3 cold fronts in the month.<\/p>\n<p>Associated with migratory anticyclones on their way to the Atlantic, it is also produced a phenomenon known as &#8220;Brisote dirty&#8221;, typical of the northern coast and showers are generally short conclude before noon.<\/p>\n<p>In addition, if one takes into account the extra effort to the heart is subjected, by increasing the volume of the circulatory system, going from colder other warmer climates, and the extraordinary overhead of the run a half marathon or a marathon, then comprises the existing dangerous unless it has proper acclimatization period to the characteristics of the tropics.<\/p>\n<p>In order to minimize this potential problem and promote physiological adaptation to the new situation, the arrival of participants colder than ours, some time before the date of racing geographical areas is recommended.<\/p>\n<p>Finally, it warns about the high values \u200b\u200bthat get to take the temperature of the asphalt on the streets and avenues where the event will take place, especially in clear sky conditions, suggesting taking steps for each corridor, aimed at prevent this heat gain by the athlete during the race.[\/vc_column_text][\/vc_tta_section][\/vc_tta_accordion][vc_empty_space height=&#8221;40px&#8221;][\/vc_column][\/vc_row][vc_row][vc_column][vc_empty_space height=&#8221;40px&#8221;][\/vc_column][\/vc_row]<\/p>\n<\/div>","protected":false},"excerpt":{"rendered":"<p>[vc_row][vc_column width=&#8221;1\/3&#8243; css=&#8221;.vc_custom_1527149307524{background-color: #ebebeb !important;}&#8221; el_class=&#8221;marabana_col_left&#8221;][vc_column_text el_class=&#8221;info_marabana_col_left&#8221; el_id=&#8221;oasis_col_left&#8221;] Oases points Oases points include medical and refreshment stalls, located in: Sala Ramon Font &#8211; start and finish line (42.195km \/ 21.097km \/ 10km). Ave Independencia y Carlos III (42.195km) &#8211; shower. Dragones e\/Industria y Paseo del Prado (10km \/ 21km \/ 42km). Reina y Lealtad (return [&hellip;]<\/p>\n","protected":false},"author":1,"featured_media":0,"parent":340,"menu_order":0,"comment_status":"closed","ping_status":"closed","template":"","meta":{"_monsterinsights_skip_tracking":false,"_monsterinsights_sitenote_active":false,"_monsterinsights_sitenote_note":"","_monsterinsights_sitenote_category":0,"footnotes":""},"class_list":["post-352","page","type-page","status-publish","hentry"],"yoast_head":"<!-- This site is optimized with the Yoast SEO plugin v27.2 - https:\/\/yoast.com\/product\/yoast-seo-wordpress\/ -->\n<title>Tips &#8211; P\u00e1gina OFICIAL Marat\u00f3n de la Habana \/ Habana Marathon Official Site<\/title>\n<meta name=\"description\" content=\"Marabana 2018 se celebrar\u00e1 el domingo 18 de Noviembre de 2018 a las 7 am, con salida y llegada frente al Capitolio. Existen tres modalidades de carrera marat\u00f3n, media marat\u00f3n y 10k, todas con categor\u00eda de discapacitados.\" \/>\n<meta name=\"robots\" content=\"index, follow, max-snippet:-1, max-image-preview:large, max-video-preview:-1\" \/>\n<link rel=\"canonical\" href=\"https:\/\/maratondelahabana.com\/en\/general-information\/tips\/\" \/>\n<meta property=\"og:locale\" content=\"en_US\" \/>\n<meta property=\"og:type\" content=\"article\" \/>\n<meta property=\"og:title\" content=\"Tips &#8211; P\u00e1gina OFICIAL Marat\u00f3n de la Habana \/ Habana Marathon Official Site\" \/>\n<meta property=\"og:description\" content=\"Marabana 2018 se celebrar\u00e1 el domingo 18 de Noviembre de 2018 a las 7 am, con salida y llegada frente al Capitolio. Existen tres modalidades de carrera marat\u00f3n, media marat\u00f3n y 10k, todas con categor\u00eda de discapacitados.\" \/>\n<meta property=\"og:url\" content=\"https:\/\/maratondelahabana.com\/en\/general-information\/tips\/\" \/>\n<meta property=\"og:site_name\" content=\"P\u00e1gina OFICIAL Marat\u00f3n de la Habana \/ Habana Marathon Official Site\" \/>\n<meta property=\"article:publisher\" content=\"https:\/\/www.facebook.com\/MaratonDeLaHabanaMarabana\/\" \/>\n<meta property=\"article:modified_time\" content=\"2023-04-25T09:02:24+00:00\" \/>\n<meta name=\"twitter:card\" content=\"summary_large_image\" \/>\n<meta name=\"twitter:site\" content=\"@MaratonMarabana\" \/>\n<meta name=\"twitter:label1\" content=\"Est. reading time\" \/>\n\t<meta name=\"twitter:data1\" content=\"5 minutes\" \/>\n<script type=\"application\/ld+json\" class=\"yoast-schema-graph\">{\"@context\":\"https:\/\/schema.org\",\"@graph\":[{\"@type\":\"WebPage\",\"@id\":\"https:\/\/maratondelahabana.com\/en\/general-information\/tips\/\",\"url\":\"https:\/\/maratondelahabana.com\/en\/general-information\/tips\/\",\"name\":\"Tips &#8211; P\u00e1gina OFICIAL Marat\u00f3n de la Habana \/ Habana Marathon Official Site\",\"isPartOf\":{\"@id\":\"https:\/\/maratondelahabana.com\/en\/#website\"},\"datePublished\":\"2018-05-28T09:30:00+00:00\",\"dateModified\":\"2023-04-25T09:02:24+00:00\",\"description\":\"Marabana 2018 se celebrar\u00e1 el domingo 18 de Noviembre de 2018 a las 7 am, con salida y llegada frente al Capitolio. Existen tres modalidades de carrera marat\u00f3n, media marat\u00f3n y 10k, todas con categor\u00eda de discapacitados.\",\"breadcrumb\":{\"@id\":\"https:\/\/maratondelahabana.com\/en\/general-information\/tips\/#breadcrumb\"},\"inLanguage\":\"en-US\",\"potentialAction\":[{\"@type\":\"ReadAction\",\"target\":[\"https:\/\/maratondelahabana.com\/en\/general-information\/tips\/\"]}]},{\"@type\":\"BreadcrumbList\",\"@id\":\"https:\/\/maratondelahabana.com\/en\/general-information\/tips\/#breadcrumb\",\"itemListElement\":[{\"@type\":\"ListItem\",\"position\":1,\"name\":\"Home\",\"item\":\"https:\/\/maratondelahabana.com\/en\/\"},{\"@type\":\"ListItem\",\"position\":2,\"name\":\"General information\",\"item\":\"https:\/\/maratondelahabana.com\/en\/general-information\/\"},{\"@type\":\"ListItem\",\"position\":3,\"name\":\"Tips\"}]},{\"@type\":\"WebSite\",\"@id\":\"https:\/\/maratondelahabana.com\/en\/#website\",\"url\":\"https:\/\/maratondelahabana.com\/en\/\",\"name\":\"P\u00e1gina OFICIAL Marat\u00f3n de la Habana \/ Habana Marathon Official Site\",\"description\":\"Marat\u00f3n de la Habana\",\"potentialAction\":[{\"@type\":\"SearchAction\",\"target\":{\"@type\":\"EntryPoint\",\"urlTemplate\":\"https:\/\/maratondelahabana.com\/en\/?s={search_term_string}\"},\"query-input\":{\"@type\":\"PropertyValueSpecification\",\"valueRequired\":true,\"valueName\":\"search_term_string\"}}],\"inLanguage\":\"en-US\"}]}<\/script>\n<!-- \/ Yoast SEO plugin. -->","yoast_head_json":{"title":"Tips &#8211; P\u00e1gina OFICIAL Marat\u00f3n de la Habana \/ Habana Marathon Official Site","description":"Marabana 2018 se celebrar\u00e1 el domingo 18 de Noviembre de 2018 a las 7 am, con salida y llegada frente al Capitolio. Existen tres modalidades de carrera marat\u00f3n, media marat\u00f3n y 10k, todas con categor\u00eda de discapacitados.","robots":{"index":"index","follow":"follow","max-snippet":"max-snippet:-1","max-image-preview":"max-image-preview:large","max-video-preview":"max-video-preview:-1"},"canonical":"https:\/\/maratondelahabana.com\/en\/general-information\/tips\/","og_locale":"en_US","og_type":"article","og_title":"Tips &#8211; P\u00e1gina OFICIAL Marat\u00f3n de la Habana \/ Habana Marathon Official Site","og_description":"Marabana 2018 se celebrar\u00e1 el domingo 18 de Noviembre de 2018 a las 7 am, con salida y llegada frente al Capitolio. Existen tres modalidades de carrera marat\u00f3n, media marat\u00f3n y 10k, todas con categor\u00eda de discapacitados.","og_url":"https:\/\/maratondelahabana.com\/en\/general-information\/tips\/","og_site_name":"P\u00e1gina OFICIAL Marat\u00f3n de la Habana \/ Habana Marathon Official Site","article_publisher":"https:\/\/www.facebook.com\/MaratonDeLaHabanaMarabana\/","article_modified_time":"2023-04-25T09:02:24+00:00","twitter_card":"summary_large_image","twitter_site":"@MaratonMarabana","twitter_misc":{"Est. reading time":"5 minutes"},"schema":{"@context":"https:\/\/schema.org","@graph":[{"@type":"WebPage","@id":"https:\/\/maratondelahabana.com\/en\/general-information\/tips\/","url":"https:\/\/maratondelahabana.com\/en\/general-information\/tips\/","name":"Tips &#8211; P\u00e1gina OFICIAL Marat\u00f3n de la Habana \/ Habana Marathon Official Site","isPartOf":{"@id":"https:\/\/maratondelahabana.com\/en\/#website"},"datePublished":"2018-05-28T09:30:00+00:00","dateModified":"2023-04-25T09:02:24+00:00","description":"Marabana 2018 se celebrar\u00e1 el domingo 18 de Noviembre de 2018 a las 7 am, con salida y llegada frente al Capitolio. Existen tres modalidades de carrera marat\u00f3n, media marat\u00f3n y 10k, todas con categor\u00eda de discapacitados.","breadcrumb":{"@id":"https:\/\/maratondelahabana.com\/en\/general-information\/tips\/#breadcrumb"},"inLanguage":"en-US","potentialAction":[{"@type":"ReadAction","target":["https:\/\/maratondelahabana.com\/en\/general-information\/tips\/"]}]},{"@type":"BreadcrumbList","@id":"https:\/\/maratondelahabana.com\/en\/general-information\/tips\/#breadcrumb","itemListElement":[{"@type":"ListItem","position":1,"name":"Home","item":"https:\/\/maratondelahabana.com\/en\/"},{"@type":"ListItem","position":2,"name":"General information","item":"https:\/\/maratondelahabana.com\/en\/general-information\/"},{"@type":"ListItem","position":3,"name":"Tips"}]},{"@type":"WebSite","@id":"https:\/\/maratondelahabana.com\/en\/#website","url":"https:\/\/maratondelahabana.com\/en\/","name":"P\u00e1gina OFICIAL Marat\u00f3n de la Habana \/ Habana Marathon Official Site","description":"Marat\u00f3n de la Habana","potentialAction":[{"@type":"SearchAction","target":{"@type":"EntryPoint","urlTemplate":"https:\/\/maratondelahabana.com\/en\/?s={search_term_string}"},"query-input":{"@type":"PropertyValueSpecification","valueRequired":true,"valueName":"search_term_string"}}],"inLanguage":"en-US"}]}},"_links":{"self":[{"href":"https:\/\/maratondelahabana.com\/en\/wp-json\/wp\/v2\/pages\/352","targetHints":{"allow":["GET"]}}],"collection":[{"href":"https:\/\/maratondelahabana.com\/en\/wp-json\/wp\/v2\/pages"}],"about":[{"href":"https:\/\/maratondelahabana.com\/en\/wp-json\/wp\/v2\/types\/page"}],"author":[{"embeddable":true,"href":"https:\/\/maratondelahabana.com\/en\/wp-json\/wp\/v2\/users\/1"}],"replies":[{"embeddable":true,"href":"https:\/\/maratondelahabana.com\/en\/wp-json\/wp\/v2\/comments?post=352"}],"version-history":[{"count":4,"href":"https:\/\/maratondelahabana.com\/en\/wp-json\/wp\/v2\/pages\/352\/revisions"}],"predecessor-version":[{"id":2898,"href":"https:\/\/maratondelahabana.com\/en\/wp-json\/wp\/v2\/pages\/352\/revisions\/2898"}],"up":[{"embeddable":true,"href":"https:\/\/maratondelahabana.com\/en\/wp-json\/wp\/v2\/pages\/340"}],"wp:attachment":[{"href":"https:\/\/maratondelahabana.com\/en\/wp-json\/wp\/v2\/media?parent=352"}],"curies":[{"name":"wp","href":"https:\/\/api.w.org\/{rel}","templated":true}]}}