{"id":355,"date":"2018-05-28T10:05:41","date_gmt":"2018-05-28T10:05:41","guid":{"rendered":"http:\/\/maratondelahabana.com\/?page_id=355"},"modified":"2025-11-17T10:02:27","modified_gmt":"2025-11-17T10:02:27","slug":"registration","status":"publish","type":"page","link":"https:\/\/maratondelahabana.com\/en\/registration\/","title":{"rendered":"Registration"},"content":{"rendered":"<div class=\"wpb-content-wrapper\"><p>[vc_row][vc_column][vc_column_text el_class=&#8221;tit_campeonatos&#8221;][\/vc_column_text][vc_tta_tour shape=&#8221;square&#8221; active_section=&#8221;1&#8243; el_class=&#8221;tour_campeonatos&#8221;][vc_tta_section title=&#8221;Registration online&#8221; tab_id=&#8221;registration-online&#8221;][vc_column_text css=&#8221;&#8221;]<\/p>\n<h3 style=\"text-align: left;\"><strong><span style=\"color: #000080;\">REGISTRATION CLOSE<\/span><\/strong><\/h3>\n<h3 style=\"text-align: left;\"><span style=\"color: #003366;\"><strong>Registration fee<\/strong><\/span><\/h3>\n<p>&nbsp;<\/p>\n<p><strong style=\"font-size: 24px;\">42K <\/strong>&#8211;<\/p>\n<p><strong style=\"font-size: 24px;\">21K <\/strong>&#8211;<\/p>\n<p><strong style=\"font-size: 24px;\">10K<\/strong>&#8211;<\/p>\n<p><strong style=\"font-size: 24px;\">5K <\/strong>-[\/vc_column_text][vc_row_inner disable_element=&#8221;yes&#8221;][vc_column_inner][vc_column_text][\/vc_column_text][\/vc_column_inner][\/vc_row_inner][\/vc_tta_section][vc_tta_section title=&#8221;PRESENTIAL REGISTRATION&#8221; tab_id=&#8221;presential-registration&#8221;][vc_row_inner][vc_column_inner][vc_column_text]<\/p>\n<h3 style=\"text-align: left;\"><strong>PRESENTIAL REGISTRATION<\/strong><\/h3>\n<p>[\/vc_column_text][vc_column_text]<strong>Place<\/strong>: Hotel Sede de Marabana<\/p>\n<p><strong>Date<\/strong>: November 14th, 15th and 16th 2024<\/p>\n<p><strong>Time<\/strong>: 9am to 5pm<\/p>\n<p>*Runners will be able to register, as long as there are registrations left.<\/p>\n<p>*Payment will be made in cash (euros) or by credit card.<\/p>\n<p><strong>Registration fees:<\/strong><\/p>\n<div class=\"div_cuotas\">\n<ul class=\"list_ul\">\n<li><strong>Marabana 42K:<\/strong> 115\u20ac<\/li>\n<li><strong>Marabana 21K:<\/strong> 95\u20ac<\/li>\n<li><strong>Marabana 10K:<\/strong> 85\u20ac<\/li>\n<li><strong>Marabana 5K:<\/strong> 85\u20ac<\/li>\n<\/ul>\n<\/div>\n<p>[\/vc_column_text][vc_single_image image=&#8221;2690&#8243; img_size=&#8221;full&#8221;][vc_column_text]*Registration fees are set by the event management on this website and cannot be altered or changed by any tour operator and shall be legally responsible according to the laws of the country where it takes place.[\/vc_column_text][\/vc_column_inner][\/vc_row_inner][\/vc_tta_section][vc_tta_section title=&#8221;Runner&#8217;s rights&#8221; tab_id=&#8221;runners-rights&#8221;][vc_row_inner][vc_column_inner][vc_column_text]<\/p>\n<h3 style=\"text-align: left;\"><strong>RUNNER&#8217;S RIGHTS<\/strong><\/h3>\n<p>[\/vc_column_text][vc_column_text]<strong>PRIVACY POLICY<\/strong><\/p>\n<p>According to the current law, we inform you that your personal data included will be treated by RPM RACING, S.L.U. (onwards RPM), with NIF B61514360, head office in GRAN VIA 8-10, 7th FLOOR, 08902 HOSPITALET DE LLOBREGAT, BARCELONA, phone +34 431 55 33 and e-mail <a href=\"mailto:info@maratondelahabana.com\">info@maratondelahabana.com<\/a>\u00a0to:<\/p>\n<p>To allow to manage, to proceed and to administer your participation in\u00a0 MARABANA CUBA<\/p>\n<p>To manage the information proceeding from MARABANA CUBA, the time, the photography of participation, etc \u2026<\/p>\n<p>To manage the sending of newsletters and information concerning MARABANA CUBA.<\/p>\n<p>To make surveys, statistics and market analysis.<\/p>\n<p>To elaborate profiles to personalize and to improve our organization<\/p>\n<p>To proceed, in its case, with the sending of commercial communications, even by electronic means, about products and RPM&#8217;s services, also those of third collaborators who operate in the area of sports in general and MARABANA CUBA especially, as well as the products and services of the sponsors of the event if the user authorizes it marking the options enabled to the effect.<\/p>\n<p>To take part in the services of the web.<\/p>\n<p>The information of the user will be treated by RPM until the user is opposed or revokes the assent.<\/p>\n<p>The treatment of the information of the user on the part of RPM is based on the assent that is requested and that can be removed at any time. Nevertheless, in case of withdrawing the assent, it will not concern the legality of the treatments effected previously. The assents obtained for the mentioned purposes are independent for what you will be able to revoke any of them, not affecting the others.<\/p>\n<p>The user guarantees that the information given is true, exact, complete and updated, being responsible for any hurt or prejudice, direct or indirect, that could be caused as a consequence of the breach of such obligation.<\/p>\n<p>The user has the right to:<\/p>\n<p>To revoke the granted assents<\/p>\n<p>To get confirmation about if in RPM they are treating the personal information that concern him or not.<\/p>\n<p>To accede to its personal information.<\/p>\n<p>To rectify the inaccurate or incomplete information.<\/p>\n<p>To request the suppression of the information when, among others, the information is already not necessary for the purpose.<\/p>\n<p>To obtain from RPM the limitation of the treatment of the information when there is fulfilled some of the conditions foreseen in the regulation of protection of information.<\/p>\n<p>To request the transferability of its information.<\/p>\n<p>To be opposed to the treatment of the information<\/p>\n<p>To claim before the Spanish Agency of Protection of Information, through the following address: C\/ Jorge Juan, 6- 28001 Madrid, when the interested person thinks that RPM has damaged the rights that are recognized by the applicable regulation in protection of information.<\/p>\n<p>To contact the data protection officer of RPM through <a href=\"mailto:info@maratondelahabana.com\">info@maratondelahabana.com<\/a>.<\/p>\n<p>The user will be able to exercise his rights, with a letter accompanied of ID document in RPM RACING, S.L.U (marketing dept. C\/Gran V\u00eda 8-10, 7<sup>th<\/sup> floor, 08902 Hospitalet de Llobregat-BARCELONA) or by e-mail to the following email address: inscripciones@maratondelahabana.com[\/vc_column_text][\/vc_column_inner][\/vc_row_inner][\/vc_tta_section][vc_tta_section title=&#8221;Cancellations&#8221; tab_id=&#8221;cancellations&#8221;][vc_row_inner][vc_column_inner][vc_column_text]<\/p>\n<h3 style=\"text-align: left;\"><strong><span class=\"goog-text-highlight\">CANCELLATIONS<\/span><\/strong><\/h3>\n<p>[\/vc_column_text][vc_column_text]Registration fees are not refundable in any case.<\/p>\n<p>In the event of an injury preventing the runner from participating in the race, participants injured can withdraw their entry for that year and pass it onto the next only in the case of providing a medical note which has to be sent to the organization by September 30<sup>th<\/sup> of the year of the race. In case of being unable to participate the following year, participants will have a guarantee entry for the second year after registration, i.e. a maximum of two years extension.[\/vc_column_text][\/vc_column_inner][\/vc_row_inner][\/vc_tta_section][\/vc_tta_tour][\/vc_column][\/vc_row][vc_row][vc_column][vc_empty_space height=&#8221;40px&#8221;][\/vc_column][\/vc_row]<\/p>\n<\/div>","protected":false},"excerpt":{"rendered":"<p>[vc_row][vc_column][vc_column_text el_class=&#8221;tit_campeonatos&#8221;][\/vc_column_text][vc_tta_tour shape=&#8221;square&#8221; active_section=&#8221;1&#8243; el_class=&#8221;tour_campeonatos&#8221;][vc_tta_section title=&#8221;Registration online&#8221; tab_id=&#8221;registration-online&#8221;][vc_column_text css=&#8221;&#8221;] REGISTRATION CLOSE Registration fee &nbsp; 42K &#8211; 21K &#8211; 10K&#8211; 5K -[\/vc_column_text][vc_row_inner disable_element=&#8221;yes&#8221;][vc_column_inner][vc_column_text][\/vc_column_text][\/vc_column_inner][\/vc_row_inner][\/vc_tta_section][vc_tta_section title=&#8221;PRESENTIAL REGISTRATION&#8221; tab_id=&#8221;presential-registration&#8221;][vc_row_inner][vc_column_inner][vc_column_text] PRESENTIAL REGISTRATION [\/vc_column_text][vc_column_text]Place: Hotel Sede de Marabana Date: November 14th, 15th and 16th 2024 Time: 9am to 5pm *Runners will be able to register, as long as there are registrations [&hellip;]<\/p>\n","protected":false},"author":1,"featured_media":0,"parent":0,"menu_order":0,"comment_status":"closed","ping_status":"closed","template":"","meta":{"_monsterinsights_skip_tracking":false,"_monsterinsights_sitenote_active":false,"_monsterinsights_sitenote_note":"","_monsterinsights_sitenote_category":0,"footnotes":""},"class_list":["post-355","page","type-page","status-publish","hentry"],"yoast_head":"<!-- This site is optimized with the Yoast SEO plugin v27.2 - https:\/\/yoast.com\/product\/yoast-seo-wordpress\/ -->\n<title>Registration &#8211; P\u00e1gina OFICIAL Marat\u00f3n de la Habana \/ Habana Marathon Official Site<\/title>\n<meta name=\"description\" content=\"Marabana 2018 se celebrar\u00e1 el domingo 18 de Noviembre de 2018 a las 7 am, con salida y llegada frente al Capitolio. Existen tres modalidades de carrera marat\u00f3n, media marat\u00f3n y 10k, todas con categor\u00eda de discapacitados.\" \/>\n<meta name=\"robots\" content=\"index, follow, max-snippet:-1, max-image-preview:large, max-video-preview:-1\" \/>\n<link rel=\"canonical\" href=\"https:\/\/maratondelahabana.com\/en\/registration\/\" \/>\n<meta property=\"og:locale\" content=\"en_US\" \/>\n<meta property=\"og:type\" content=\"article\" \/>\n<meta property=\"og:title\" content=\"Registration &#8211; P\u00e1gina OFICIAL Marat\u00f3n de la Habana \/ Habana Marathon Official Site\" \/>\n<meta property=\"og:description\" content=\"Marabana 2018 se celebrar\u00e1 el domingo 18 de Noviembre de 2018 a las 7 am, con salida y llegada frente al Capitolio. Existen tres modalidades de carrera marat\u00f3n, media marat\u00f3n y 10k, todas con categor\u00eda de discapacitados.\" \/>\n<meta property=\"og:url\" content=\"https:\/\/maratondelahabana.com\/en\/registration\/\" \/>\n<meta property=\"og:site_name\" content=\"P\u00e1gina OFICIAL Marat\u00f3n de la Habana \/ Habana Marathon Official Site\" \/>\n<meta property=\"article:publisher\" content=\"https:\/\/www.facebook.com\/MaratonDeLaHabanaMarabana\/\" \/>\n<meta property=\"article:modified_time\" content=\"2025-11-17T10:02:27+00:00\" \/>\n<meta name=\"twitter:card\" content=\"summary_large_image\" \/>\n<meta name=\"twitter:site\" content=\"@MaratonMarabana\" \/>\n<meta name=\"twitter:label1\" content=\"Est. reading time\" \/>\n\t<meta name=\"twitter:data1\" content=\"4 minutes\" \/>\n<script type=\"application\/ld+json\" class=\"yoast-schema-graph\">{\"@context\":\"https:\/\/schema.org\",\"@graph\":[{\"@type\":\"WebPage\",\"@id\":\"https:\/\/maratondelahabana.com\/en\/registration\/\",\"url\":\"https:\/\/maratondelahabana.com\/en\/registration\/\",\"name\":\"Registration &#8211; P\u00e1gina OFICIAL Marat\u00f3n de la Habana \/ Habana Marathon Official Site\",\"isPartOf\":{\"@id\":\"https:\/\/maratondelahabana.com\/en\/#website\"},\"datePublished\":\"2018-05-28T10:05:41+00:00\",\"dateModified\":\"2025-11-17T10:02:27+00:00\",\"description\":\"Marabana 2018 se celebrar\u00e1 el domingo 18 de Noviembre de 2018 a las 7 am, con salida y llegada frente al Capitolio. Existen tres modalidades de carrera marat\u00f3n, media marat\u00f3n y 10k, todas con categor\u00eda de discapacitados.\",\"breadcrumb\":{\"@id\":\"https:\/\/maratondelahabana.com\/en\/registration\/#breadcrumb\"},\"inLanguage\":\"en-US\",\"potentialAction\":[{\"@type\":\"ReadAction\",\"target\":[\"https:\/\/maratondelahabana.com\/en\/registration\/\"]}]},{\"@type\":\"BreadcrumbList\",\"@id\":\"https:\/\/maratondelahabana.com\/en\/registration\/#breadcrumb\",\"itemListElement\":[{\"@type\":\"ListItem\",\"position\":1,\"name\":\"Home\",\"item\":\"https:\/\/maratondelahabana.com\/en\/\"},{\"@type\":\"ListItem\",\"position\":2,\"name\":\"Registration\"}]},{\"@type\":\"WebSite\",\"@id\":\"https:\/\/maratondelahabana.com\/en\/#website\",\"url\":\"https:\/\/maratondelahabana.com\/en\/\",\"name\":\"P\u00e1gina OFICIAL Marat\u00f3n de la Habana \/ Habana Marathon Official Site\",\"description\":\"Marat\u00f3n de la Habana\",\"potentialAction\":[{\"@type\":\"SearchAction\",\"target\":{\"@type\":\"EntryPoint\",\"urlTemplate\":\"https:\/\/maratondelahabana.com\/en\/?s={search_term_string}\"},\"query-input\":{\"@type\":\"PropertyValueSpecification\",\"valueRequired\":true,\"valueName\":\"search_term_string\"}}],\"inLanguage\":\"en-US\"}]}<\/script>\n<!-- \/ Yoast SEO plugin. -->","yoast_head_json":{"title":"Registration &#8211; P\u00e1gina OFICIAL Marat\u00f3n de la Habana \/ Habana Marathon Official Site","description":"Marabana 2018 se celebrar\u00e1 el domingo 18 de Noviembre de 2018 a las 7 am, con salida y llegada frente al Capitolio. Existen tres modalidades de carrera marat\u00f3n, media marat\u00f3n y 10k, todas con categor\u00eda de discapacitados.","robots":{"index":"index","follow":"follow","max-snippet":"max-snippet:-1","max-image-preview":"max-image-preview:large","max-video-preview":"max-video-preview:-1"},"canonical":"https:\/\/maratondelahabana.com\/en\/registration\/","og_locale":"en_US","og_type":"article","og_title":"Registration &#8211; P\u00e1gina OFICIAL Marat\u00f3n de la Habana \/ Habana Marathon Official Site","og_description":"Marabana 2018 se celebrar\u00e1 el domingo 18 de Noviembre de 2018 a las 7 am, con salida y llegada frente al Capitolio. Existen tres modalidades de carrera marat\u00f3n, media marat\u00f3n y 10k, todas con categor\u00eda de discapacitados.","og_url":"https:\/\/maratondelahabana.com\/en\/registration\/","og_site_name":"P\u00e1gina OFICIAL Marat\u00f3n de la Habana \/ Habana Marathon Official Site","article_publisher":"https:\/\/www.facebook.com\/MaratonDeLaHabanaMarabana\/","article_modified_time":"2025-11-17T10:02:27+00:00","twitter_card":"summary_large_image","twitter_site":"@MaratonMarabana","twitter_misc":{"Est. reading time":"4 minutes"},"schema":{"@context":"https:\/\/schema.org","@graph":[{"@type":"WebPage","@id":"https:\/\/maratondelahabana.com\/en\/registration\/","url":"https:\/\/maratondelahabana.com\/en\/registration\/","name":"Registration &#8211; P\u00e1gina OFICIAL Marat\u00f3n de la Habana \/ Habana Marathon Official Site","isPartOf":{"@id":"https:\/\/maratondelahabana.com\/en\/#website"},"datePublished":"2018-05-28T10:05:41+00:00","dateModified":"2025-11-17T10:02:27+00:00","description":"Marabana 2018 se celebrar\u00e1 el domingo 18 de Noviembre de 2018 a las 7 am, con salida y llegada frente al Capitolio. Existen tres modalidades de carrera marat\u00f3n, media marat\u00f3n y 10k, todas con categor\u00eda de discapacitados.","breadcrumb":{"@id":"https:\/\/maratondelahabana.com\/en\/registration\/#breadcrumb"},"inLanguage":"en-US","potentialAction":[{"@type":"ReadAction","target":["https:\/\/maratondelahabana.com\/en\/registration\/"]}]},{"@type":"BreadcrumbList","@id":"https:\/\/maratondelahabana.com\/en\/registration\/#breadcrumb","itemListElement":[{"@type":"ListItem","position":1,"name":"Home","item":"https:\/\/maratondelahabana.com\/en\/"},{"@type":"ListItem","position":2,"name":"Registration"}]},{"@type":"WebSite","@id":"https:\/\/maratondelahabana.com\/en\/#website","url":"https:\/\/maratondelahabana.com\/en\/","name":"P\u00e1gina OFICIAL Marat\u00f3n de la Habana \/ Habana Marathon Official Site","description":"Marat\u00f3n de la Habana","potentialAction":[{"@type":"SearchAction","target":{"@type":"EntryPoint","urlTemplate":"https:\/\/maratondelahabana.com\/en\/?s={search_term_string}"},"query-input":{"@type":"PropertyValueSpecification","valueRequired":true,"valueName":"search_term_string"}}],"inLanguage":"en-US"}]}},"_links":{"self":[{"href":"https:\/\/maratondelahabana.com\/en\/wp-json\/wp\/v2\/pages\/355","targetHints":{"allow":["GET"]}}],"collection":[{"href":"https:\/\/maratondelahabana.com\/en\/wp-json\/wp\/v2\/pages"}],"about":[{"href":"https:\/\/maratondelahabana.com\/en\/wp-json\/wp\/v2\/types\/page"}],"author":[{"embeddable":true,"href":"https:\/\/maratondelahabana.com\/en\/wp-json\/wp\/v2\/users\/1"}],"replies":[{"embeddable":true,"href":"https:\/\/maratondelahabana.com\/en\/wp-json\/wp\/v2\/comments?post=355"}],"version-history":[{"count":42,"href":"https:\/\/maratondelahabana.com\/en\/wp-json\/wp\/v2\/pages\/355\/revisions"}],"predecessor-version":[{"id":4626,"href":"https:\/\/maratondelahabana.com\/en\/wp-json\/wp\/v2\/pages\/355\/revisions\/4626"}],"wp:attachment":[{"href":"https:\/\/maratondelahabana.com\/en\/wp-json\/wp\/v2\/media?parent=355"}],"curies":[{"name":"wp","href":"https:\/\/api.w.org\/{rel}","templated":true}]}}