{"id":360,"date":"2018-05-28T10:18:11","date_gmt":"2018-05-28T10:18:11","guid":{"rendered":"http:\/\/maratondelahabana.com\/?page_id=360"},"modified":"2023-03-10T11:19:05","modified_gmt":"2023-03-10T11:19:05","slug":"meet-in-habana","status":"publish","type":"page","link":"https:\/\/maratondelahabana.com\/en\/meet-in-habana\/","title":{"rendered":"Discover La Habana"},"content":{"rendered":"<div class=\"wpb-content-wrapper\"><p>[vc_row][vc_column width=&#8221;1\/6&#8243;][\/vc_column][vc_column width=&#8221;2\/3&#8243;][vc_column_text el_class=&#8221;title_apartat&#8221;]<\/p>\n<h2 style=\"text-align: center;\"><strong>DISCOVER A BIG CITY<\/strong><\/h2>\n<p>[\/vc_column_text][vc_column_text el_class=&#8221;global_text&#8221;]<\/p>\n<p style=\"text-align: center;\">La Habana is the capital of the Republic of Cuba.<\/p>\n<p style=\"text-align: center;\">Did you know that La Habana is a must-see destination included in many cruise itineraries in the Caribbean? For its geographical location and the excellent qualities of its bay, was for centuries the required stopover for Spanish fleets on their transit to Europe.<\/p>\n<p style=\"text-align: center;\">Running in Marabana Cuba circuit will allow you to get to know very unique areas of La Habana, among which the Old Habana stands out, a place where its buildings are a magnificent treasure that today is a UNESCO World Heritage Site, and important corners of the city, such as its fortresses, its sumptuous avenues and other places with important cultural richness.<\/p>\n<p style=\"text-align: center;\">Its architectural works and monuments stand out for their uniqueness. The Capitolio Nacional, the sports city, the monument to the medical students and, the monument to national hero Jos\u00e9 Mart\u00ed, located in the Plaza de la Revoluci\u00f3n, the site of important historical events in the last 54 years of the Republic of Cuba, are some of the examples.<\/p>\n<p style=\"text-align: center;\">Since 1987, La Habana, the capital of the largest of the Antilles, has been hosting prestigious runners from all over the world in a particular sporting festival, a festival in which everyone has the chance to win and become a champion.<\/p>\n<p>[\/vc_column_text][\/vc_column][vc_column width=&#8221;1\/6&#8243;][\/vc_column][\/vc_row][vc_row][vc_column][vc_single_image image=&#8221;38&#8243; img_size=&#8221;full&#8221; alignment=&#8221;center&#8221;][vc_single_image image=&#8221;2690&#8243; img_size=&#8221;full&#8221;][\/vc_column][\/vc_row][vc_row full_width=&#8221;stretch_row&#8221; bg_type=&#8221;image&#8221; css=&#8221;.vc_custom_1526390110294{background-image: url(http:\/\/maratondelahabana.com\/wp-content\/uploads\/2018\/05\/Habana_bg.png?id=57) !important;background-position: center !important;background-repeat: no-repeat !important;background-size: cover !important;}&#8221;][vc_column][vc_empty_space height=&#8221;100px&#8221;][vc_column_text]<\/p>\n<h3 style=\"text-align: center;\"><strong>ATTRACTIONS OF THE CITY OF HAVANA THE CORRIDOR YOU CAN SEE AND ENJOY IN THE CIRCUIT MARABANA CUBA<\/strong><\/h3>\n<p>[\/vc_column_text][vc_empty_space height=&#8221;35px&#8221;][vc_row_inner][vc_column_inner width=&#8221;1\/3&#8243;][vc_column_text]<\/p>\n<ul class=\"la_habana_list\">\n<li>Hotel Tryp Habana Libre<\/li>\n<li><span class=\"\">National Capitol<\/span><\/li>\n<li>Louvre Sidewalk<\/li>\n<li>Museum of the Revolution<\/li>\n<li>Memorial Medical Students<\/li>\n<li>Fortaleza de la Caba\u00f1a<\/li>\n<li>El Morro Fortress<\/li>\n<li>Castillo de la Fuerza<\/li>\n<li>Central Park<\/li>\n<li>Parque Calixto Garcia<\/li>\n<li>Antonio Maceo Park<\/li>\n<li>Parque de la Fraternidad<\/li>\n<li>Jose Marti Anti-Imperialist Tribune<\/li>\n<li>Fountain of Youth<\/li>\n<li>Corner of 23rd and 12th site where the socialist character of the Cuban Revolution was proclaimed<\/li>\n<li>Malec\u00f3n headquarters marches fighting people<\/li>\n<li>Plaza de la Revolucion<\/li>\n<li>Palace of the Revolution<\/li>\n<li>Philatelic Museum at the Ministry of Communications<\/li>\n<\/ul>\n<p>[\/vc_column_text][\/vc_column_inner][vc_column_inner width=&#8221;1\/3&#8243;][vc_column_text]<\/p>\n<ul class=\"la_habana_list\">\n<li><span class=\"goog-text-highlight\">Jos\u00e9 Mart\u00ed National Library<\/span><\/li>\n<li>Quinta de los Molinos<\/li>\n<li>School of Stomatology of the University of Havana<\/li>\n<li>Veterinary School of the University of Havana<\/li>\n<li>Central Computer Palace<\/li>\n<li>Source India<\/li>\n<li>Arqueologic Museum<\/li>\n<li>Jos\u00e9 Mart\u00ed Sports Park<\/li>\n<li>Casa de las Americas<\/li>\n<li>The sports park Castillito<\/li>\n<li>Centro Deportivo Kamilo Cienfuegos<\/li>\n<li>Jose A. Echevarria Sports Center<\/li>\n<li>Celia Sanchez Sports Center<\/li>\n<li>Zoo 26<\/li>\n<li>Higher Institute of Physical Culture Comandante Manuel Fajardo<\/li>\n<li>Cuba Deportiva industry<\/li>\n<li>Ram\u00f3n Font Sports Multipurpose room<\/li>\n<li>Sports City, seat of the National Institute of Sports Physical Education and Recreation (INDER)<\/li>\n<\/ul>\n<p>[\/vc_column_text][\/vc_column_inner][vc_column_inner width=&#8221;1\/3&#8243;][vc_column_text]<\/p>\n<ul class=\"la_habana_list\">\n<li><span class=\"\">Raul Diaz Arguelles Sports Complex headquarters of the National Patin\u00f3dromo and the National Complex Pelota<\/span><\/li>\n<li>Gran Teatro de La Habana<\/li>\n<li>film Payret<\/li>\n<li>Charles Chaplin film<\/li>\n<li>Cine Acapulco<\/li>\n<li>hotel Inglaterra<\/li>\n<li>hotel Telegrafo<\/li>\n<li>Hotel Central Park<\/li>\n<li>hotel Sevilla<\/li>\n<li>hotel Deauville<\/li>\n<li>hotel Plaza<\/li>\n<li>National hotel<\/li>\n<li>hotel Riviera<\/li>\n<li>Hotel Melia Cohiba<\/li>\n<li>restaurant 1830<\/li>\n<li>Hospital &#8220;Hermanos Ameijeiras&#8221;<\/li>\n<li>26 Surgical Hospital &#8220;Joaqu\u00edn Albarr\u00e1n&#8221;<\/li>\n<li>Emergency Surgical Clinic Hospital &#8220;Freyre D &#8216;Andrade&#8221;.<\/li>\n<\/ul>\n<p>[\/vc_column_text][\/vc_column_inner][\/vc_row_inner][vc_empty_space height=&#8221;65px&#8221;][\/vc_column][\/vc_row]<\/p>\n<\/div>","protected":false},"excerpt":{"rendered":"<p>[vc_row][vc_column width=&#8221;1\/6&#8243;][\/vc_column][vc_column width=&#8221;2\/3&#8243;][vc_column_text el_class=&#8221;title_apartat&#8221;] DISCOVER A BIG CITY [\/vc_column_text][vc_column_text el_class=&#8221;global_text&#8221;] La Habana is the capital of the Republic of Cuba. Did you know that La Habana is a must-see destination included in many cruise itineraries in the Caribbean? For its geographical location and the excellent qualities of its bay, was for centuries the required stopover [&hellip;]<\/p>\n","protected":false},"author":1,"featured_media":0,"parent":0,"menu_order":0,"comment_status":"closed","ping_status":"closed","template":"","meta":{"_monsterinsights_skip_tracking":false,"_monsterinsights_sitenote_active":false,"_monsterinsights_sitenote_note":"","_monsterinsights_sitenote_category":0,"footnotes":""},"class_list":["post-360","page","type-page","status-publish","hentry"],"yoast_head":"<!-- This site is optimized with the Yoast SEO plugin v27.2 - https:\/\/yoast.com\/product\/yoast-seo-wordpress\/ -->\n<title>Discover La Habana &#8211; P\u00e1gina OFICIAL Marat\u00f3n de la Habana \/ Habana Marathon Official Site<\/title>\n<meta name=\"description\" content=\"Marabana 2018 se celebrar\u00e1 el domingo 18 de Noviembre de 2018 a las 7 am, con salida y llegada frente al Capitolio. Existen tres modalidades de carrera marat\u00f3n, media marat\u00f3n y 10k, todas con categor\u00eda de discapacitados.\" \/>\n<meta name=\"robots\" content=\"index, follow, max-snippet:-1, max-image-preview:large, max-video-preview:-1\" \/>\n<link rel=\"canonical\" href=\"https:\/\/maratondelahabana.com\/en\/meet-in-habana\/\" \/>\n<meta property=\"og:locale\" content=\"en_US\" \/>\n<meta property=\"og:type\" content=\"article\" \/>\n<meta property=\"og:title\" content=\"Discover La Habana &#8211; P\u00e1gina OFICIAL Marat\u00f3n de la Habana \/ Habana Marathon Official Site\" \/>\n<meta property=\"og:description\" content=\"Marabana 2018 se celebrar\u00e1 el domingo 18 de Noviembre de 2018 a las 7 am, con salida y llegada frente al Capitolio. Existen tres modalidades de carrera marat\u00f3n, media marat\u00f3n y 10k, todas con categor\u00eda de discapacitados.\" \/>\n<meta property=\"og:url\" content=\"https:\/\/maratondelahabana.com\/en\/meet-in-habana\/\" \/>\n<meta property=\"og:site_name\" content=\"P\u00e1gina OFICIAL Marat\u00f3n de la Habana \/ Habana Marathon Official Site\" \/>\n<meta property=\"article:publisher\" content=\"https:\/\/www.facebook.com\/MaratonDeLaHabanaMarabana\/\" \/>\n<meta property=\"article:modified_time\" content=\"2023-03-10T11:19:05+00:00\" \/>\n<meta name=\"twitter:card\" content=\"summary_large_image\" \/>\n<meta name=\"twitter:site\" content=\"@MaratonMarabana\" \/>\n<meta name=\"twitter:label1\" content=\"Est. reading time\" \/>\n\t<meta name=\"twitter:data1\" content=\"3 minutes\" \/>\n<script type=\"application\/ld+json\" class=\"yoast-schema-graph\">{\"@context\":\"https:\/\/schema.org\",\"@graph\":[{\"@type\":\"WebPage\",\"@id\":\"https:\/\/maratondelahabana.com\/en\/meet-in-habana\/\",\"url\":\"https:\/\/maratondelahabana.com\/en\/meet-in-habana\/\",\"name\":\"Discover La Habana &#8211; P\u00e1gina OFICIAL Marat\u00f3n de la Habana \/ Habana Marathon Official Site\",\"isPartOf\":{\"@id\":\"https:\/\/maratondelahabana.com\/en\/#website\"},\"datePublished\":\"2018-05-28T10:18:11+00:00\",\"dateModified\":\"2023-03-10T11:19:05+00:00\",\"description\":\"Marabana 2018 se celebrar\u00e1 el domingo 18 de Noviembre de 2018 a las 7 am, con salida y llegada frente al Capitolio. Existen tres modalidades de carrera marat\u00f3n, media marat\u00f3n y 10k, todas con categor\u00eda de discapacitados.\",\"breadcrumb\":{\"@id\":\"https:\/\/maratondelahabana.com\/en\/meet-in-habana\/#breadcrumb\"},\"inLanguage\":\"en-US\",\"potentialAction\":[{\"@type\":\"ReadAction\",\"target\":[\"https:\/\/maratondelahabana.com\/en\/meet-in-habana\/\"]}]},{\"@type\":\"BreadcrumbList\",\"@id\":\"https:\/\/maratondelahabana.com\/en\/meet-in-habana\/#breadcrumb\",\"itemListElement\":[{\"@type\":\"ListItem\",\"position\":1,\"name\":\"Home\",\"item\":\"https:\/\/maratondelahabana.com\/en\/\"},{\"@type\":\"ListItem\",\"position\":2,\"name\":\"Discover La Habana\"}]},{\"@type\":\"WebSite\",\"@id\":\"https:\/\/maratondelahabana.com\/en\/#website\",\"url\":\"https:\/\/maratondelahabana.com\/en\/\",\"name\":\"P\u00e1gina OFICIAL Marat\u00f3n de la Habana \/ Habana Marathon Official Site\",\"description\":\"Marat\u00f3n de la Habana\",\"potentialAction\":[{\"@type\":\"SearchAction\",\"target\":{\"@type\":\"EntryPoint\",\"urlTemplate\":\"https:\/\/maratondelahabana.com\/en\/?s={search_term_string}\"},\"query-input\":{\"@type\":\"PropertyValueSpecification\",\"valueRequired\":true,\"valueName\":\"search_term_string\"}}],\"inLanguage\":\"en-US\"}]}<\/script>\n<!-- \/ Yoast SEO plugin. -->","yoast_head_json":{"title":"Discover La Habana &#8211; P\u00e1gina OFICIAL Marat\u00f3n de la Habana \/ Habana Marathon Official Site","description":"Marabana 2018 se celebrar\u00e1 el domingo 18 de Noviembre de 2018 a las 7 am, con salida y llegada frente al Capitolio. Existen tres modalidades de carrera marat\u00f3n, media marat\u00f3n y 10k, todas con categor\u00eda de discapacitados.","robots":{"index":"index","follow":"follow","max-snippet":"max-snippet:-1","max-image-preview":"max-image-preview:large","max-video-preview":"max-video-preview:-1"},"canonical":"https:\/\/maratondelahabana.com\/en\/meet-in-habana\/","og_locale":"en_US","og_type":"article","og_title":"Discover La Habana &#8211; P\u00e1gina OFICIAL Marat\u00f3n de la Habana \/ Habana Marathon Official Site","og_description":"Marabana 2018 se celebrar\u00e1 el domingo 18 de Noviembre de 2018 a las 7 am, con salida y llegada frente al Capitolio. Existen tres modalidades de carrera marat\u00f3n, media marat\u00f3n y 10k, todas con categor\u00eda de discapacitados.","og_url":"https:\/\/maratondelahabana.com\/en\/meet-in-habana\/","og_site_name":"P\u00e1gina OFICIAL Marat\u00f3n de la Habana \/ Habana Marathon Official Site","article_publisher":"https:\/\/www.facebook.com\/MaratonDeLaHabanaMarabana\/","article_modified_time":"2023-03-10T11:19:05+00:00","twitter_card":"summary_large_image","twitter_site":"@MaratonMarabana","twitter_misc":{"Est. reading time":"3 minutes"},"schema":{"@context":"https:\/\/schema.org","@graph":[{"@type":"WebPage","@id":"https:\/\/maratondelahabana.com\/en\/meet-in-habana\/","url":"https:\/\/maratondelahabana.com\/en\/meet-in-habana\/","name":"Discover La Habana &#8211; P\u00e1gina OFICIAL Marat\u00f3n de la Habana \/ Habana Marathon Official Site","isPartOf":{"@id":"https:\/\/maratondelahabana.com\/en\/#website"},"datePublished":"2018-05-28T10:18:11+00:00","dateModified":"2023-03-10T11:19:05+00:00","description":"Marabana 2018 se celebrar\u00e1 el domingo 18 de Noviembre de 2018 a las 7 am, con salida y llegada frente al Capitolio. Existen tres modalidades de carrera marat\u00f3n, media marat\u00f3n y 10k, todas con categor\u00eda de discapacitados.","breadcrumb":{"@id":"https:\/\/maratondelahabana.com\/en\/meet-in-habana\/#breadcrumb"},"inLanguage":"en-US","potentialAction":[{"@type":"ReadAction","target":["https:\/\/maratondelahabana.com\/en\/meet-in-habana\/"]}]},{"@type":"BreadcrumbList","@id":"https:\/\/maratondelahabana.com\/en\/meet-in-habana\/#breadcrumb","itemListElement":[{"@type":"ListItem","position":1,"name":"Home","item":"https:\/\/maratondelahabana.com\/en\/"},{"@type":"ListItem","position":2,"name":"Discover La Habana"}]},{"@type":"WebSite","@id":"https:\/\/maratondelahabana.com\/en\/#website","url":"https:\/\/maratondelahabana.com\/en\/","name":"P\u00e1gina OFICIAL Marat\u00f3n de la Habana \/ Habana Marathon Official Site","description":"Marat\u00f3n de la Habana","potentialAction":[{"@type":"SearchAction","target":{"@type":"EntryPoint","urlTemplate":"https:\/\/maratondelahabana.com\/en\/?s={search_term_string}"},"query-input":{"@type":"PropertyValueSpecification","valueRequired":true,"valueName":"search_term_string"}}],"inLanguage":"en-US"}]}},"_links":{"self":[{"href":"https:\/\/maratondelahabana.com\/en\/wp-json\/wp\/v2\/pages\/360","targetHints":{"allow":["GET"]}}],"collection":[{"href":"https:\/\/maratondelahabana.com\/en\/wp-json\/wp\/v2\/pages"}],"about":[{"href":"https:\/\/maratondelahabana.com\/en\/wp-json\/wp\/v2\/types\/page"}],"author":[{"embeddable":true,"href":"https:\/\/maratondelahabana.com\/en\/wp-json\/wp\/v2\/users\/1"}],"replies":[{"embeddable":true,"href":"https:\/\/maratondelahabana.com\/en\/wp-json\/wp\/v2\/comments?post=360"}],"version-history":[{"count":8,"href":"https:\/\/maratondelahabana.com\/en\/wp-json\/wp\/v2\/pages\/360\/revisions"}],"predecessor-version":[{"id":2779,"href":"https:\/\/maratondelahabana.com\/en\/wp-json\/wp\/v2\/pages\/360\/revisions\/2779"}],"wp:attachment":[{"href":"https:\/\/maratondelahabana.com\/en\/wp-json\/wp\/v2\/media?parent=360"}],"curies":[{"name":"wp","href":"https:\/\/api.w.org\/{rel}","templated":true}]}}