{"id":384,"date":"2018-05-28T12:45:20","date_gmt":"2018-05-28T12:45:20","guid":{"rendered":"http:\/\/maratondelahabana.com\/?page_id=384"},"modified":"2020-07-21T10:42:25","modified_gmt":"2020-07-21T10:42:25","slug":"from-usa-and-canada","status":"publish","type":"page","link":"https:\/\/maratondelahabana.com\/en\/travel-offers\/from-usa-and-canada\/","title":{"rendered":"Frorm USA &#038; Canada"},"content":{"rendered":"<div class=\"wpb-content-wrapper\"><p>[vc_row][vc_column width=&#8221;1\/3&#8243;][vc_single_image image=&#8221;1401&#8243; img_size=&#8221;full&#8221;][vc_empty_space height=&#8221;150px&#8221;][vc_single_image image=&#8221;1656&#8243; img_size=&#8221;full&#8221;][vc_empty_space height=&#8221;150px&#8221;][vc_single_image image=&#8221;1681&#8243; img_size=&#8221;full&#8221;][vc_empty_space height=&#8221;150px&#8221;][vc_single_image image=&#8221;1898&#8243; img_size=&#8221;full&#8221;][\/vc_column][vc_column width=&#8221;2\/3&#8243;][vc_column_text el_class=&#8221;ofertas_text&#8221;]<strong><u>VIAJES EL CORTE INGLES<\/u><\/strong><\/p>\n<p>We have a team of professionals with years of experience. We handle the design, planning, organisation, management and implementation of the sporting events for all disciplines. We compete every day to make it possible.<\/p>\n<p>Each sporting discipline has peculiarities that our multidisciplinary team are very well aware of. But all have something in common: passion, commitment, dedication, self-motivation, the struggle to achieve the desired goal and seize a long-awaited spot on the podium. We join each project with the same dedication and passion. A long-distance race, always close to our customer.<\/p>\n<p><strong>More information<\/strong>:\u00a0<a href=\"https:\/\/www.ventedemaraton.es\/\" target=\"_blank\" rel=\"noopener noreferrer\">https:\/\/www.ventedemaraton.es\/<\/a><\/p>\n<p><strong>Email\u00a0<\/strong>:\u00a0<a href=\"mailto:aventurismo@viajaseci.es\" target=\"_blank\" rel=\"noopener noreferrer\">aventurismo@viajaseci.es<\/a>[\/vc_column_text][vc_column_text el_class=&#8221;ofertas_text&#8221;]<strong><u>GLOBALRUNNERS<\/u><\/strong><\/p>\n<p>GLOBALRUNNERS is arranging tours for runners, cross-country skiers, cyclists and trekkers to all continents since 2013. We are very happy to welcome guests to join us for Havana Marathon. Choose between 10, 21 and 42 km. Our tour starts with the race in Havana. After a few days in the capital, we continue westwards to the green valley of Vi\u00f1ales where we go riding and cycling, visiting cigar- and coffee-producers as well as fishermen on the North coast.\u00a0 We move on and explore the Juvel of Cuba, the small, colourful city of Trinidad, on the south coast. Trek in the mountains, snorkle and swim in the Caribbean Sea and stay with local families at Casa Particulares during the whole tour before returning home. The number of guests is limited: Book a unique, wonderful and interesting experience with strong impressions now!<\/p>\n<p><strong>More information<\/strong>: <a href=\"https:\/\/www.globalrunners.se\/havana-marathon\">www.globarulrunners.se<\/a><\/p>\n<p><strong>Email\u00a0<\/strong>: <a href=\"mailto:info@globalrunners.se\">info@globalrunners.se<\/a>[\/vc_column_text][vc_column_text el_class=&#8221;ofertas_text&#8221;]<strong><u>INSIGHTCUBA<\/u><\/strong><\/p>\n<p>InsightCuba is a single destination tour operator specializing solely in legal travel to Cuba for Americans including the\u00a0<strong>Marabana Havana Half + Full Marathon and 10k<\/strong>. Since 2000, we&#8217;ve brought tens of thousands of Americans to this fascinating island country &#8211; making us one of the most experienced providers of legal Cuba travel in the industry. Our in-country knowledge and expertise is unmatched in the industry, allowing us to provide travelers with unique access to people and places the average person rarely sees. InsightCuba is proud to have been awarded the\u00a0<em>Cond\u00e9 Nast Traveler<\/em>\u00a0Top Cuba Travel Specialist five years in a row and has been featured in\u00a0<em>Runner\u2019s World, Competitor, Travel+Leisure, Self, The NY Times, CNN, CBS<\/em>,\u00a0<em>National Public Radio and more<\/em>.<\/p>\n<p>In 2011, insightCuba brought the first Americans to Cuba legally to participate in the Marabana Havana Half + Full Marathon and 10k, and we\u2019ve been bringing Americans ever since. We share a deep rooted passion for this extraordinary race, and hope you will join us in Havana.<\/p>\n<p><strong>LEGAL TRAVEL TO CUBA FOR AMERICANS<\/strong><\/p>\n<p>InsightCuba is authorized by the U.S. Department of the Treasury&#8217;s Office of Foreign Asset Control (OFAC), under a general license allowing any American to travel to Cuba legally and participate in the Havana Half + Full Marathon and 10k. As a registered guest, you are permitted to travel to Cuba and re-enter the U.S. legally. InsightCuba handles all the paperwork and requirements for your trip. Simply register for on our\u00a0<a href=\"https:\/\/protect-eu.mimecast.com\/s\/9nAkCrRG9fD8NZljc0TwUu?domain=insightcuba.com\">Havana Half + Full Marathon and 10k package<\/a>\u00a0and leave the rest to us.<\/p>\n<p><strong>More information:<\/strong>\u00a0<a href=\"https:\/\/protect-eu.mimecast.com\/s\/7c8ECvoMZCy7B8zgSraw73?domain=insightcuba.com\">www.insightcuba.com<\/a>\u00a0or visit our\u00a0<a href=\"https:\/\/protect-eu.mimecast.com\/s\/9nAkCrRG9fD8NZljc0TwUu?domain=insightcuba.com\">Havana Half + Full Marathon and 10k<\/a>.<\/p>\n<p><strong>Email us:\u00a0<\/strong>travel@insightcuba.com. Call or text us: 800-450-2822[\/vc_column_text][vc_column_text el_class=&#8221;ofertas_text&#8221;]<strong>MARATHON TOURS &amp; TRAVEL<\/strong><\/p>\n<p>As an official\u00a0tour operator for the Havana Marathon since 2015, let Marathon Tours &amp; Travel take care of all the hassles for you! \u00a0We secure your visa and have an itinerary that allows you to interact with the local people while enjoying the magnificent culture of this small island.\u00a0Choose from our four-night or six-night package and enjoy hotel accommodations at the beautiful and ideally situated Parque Central Hotel.\u00a0 In the heart of Old Havana, you are steps away from the race start and finish. \u00a0With our experienced guides and your MTT Host(s), you will enjoy not only the Marabana experience, but also the flavors, sights, and sounds of this beautiful and unique destination![\/vc_column_text][\/vc_column][\/vc_row]<\/p>\n<\/div>","protected":false},"excerpt":{"rendered":"<p>[vc_row][vc_column width=&#8221;1\/3&#8243;][vc_single_image image=&#8221;1401&#8243; img_size=&#8221;full&#8221;][vc_empty_space height=&#8221;150px&#8221;][vc_single_image image=&#8221;1656&#8243; img_size=&#8221;full&#8221;][vc_empty_space height=&#8221;150px&#8221;][vc_single_image image=&#8221;1681&#8243; img_size=&#8221;full&#8221;][vc_empty_space height=&#8221;150px&#8221;][vc_single_image image=&#8221;1898&#8243; img_size=&#8221;full&#8221;][\/vc_column][vc_column width=&#8221;2\/3&#8243;][vc_column_text el_class=&#8221;ofertas_text&#8221;]VIAJES EL CORTE INGLES We have a team of professionals with years of experience. We handle the design, planning, organisation, management and implementation of the sporting events for all disciplines. We compete every day to make it possible. Each sporting discipline [&hellip;]<\/p>\n","protected":false},"author":1,"featured_media":0,"parent":362,"menu_order":0,"comment_status":"closed","ping_status":"closed","template":"","meta":{"_monsterinsights_skip_tracking":false,"_monsterinsights_sitenote_active":false,"_monsterinsights_sitenote_note":"","_monsterinsights_sitenote_category":0,"footnotes":""},"class_list":["post-384","page","type-page","status-publish","hentry"],"yoast_head":"<!-- This site is optimized with the Yoast SEO plugin v27.4 - https:\/\/yoast.com\/product\/yoast-seo-wordpress\/ -->\n<title>Frorm USA &amp; Canada &#8211; P\u00e1gina OFICIAL Marat\u00f3n de la Habana \/ Habana Marathon Official Site<\/title>\n<meta name=\"description\" content=\"Marabana 2018 se celebrar\u00e1 el domingo 18 de Noviembre de 2018 a las 7 am, con salida y llegada frente al Capitolio. Existen tres modalidades de carrera marat\u00f3n, media marat\u00f3n y 10k, todas con categor\u00eda de discapacitados.\" \/>\n<meta name=\"robots\" content=\"index, follow, max-snippet:-1, max-image-preview:large, max-video-preview:-1\" \/>\n<link rel=\"canonical\" href=\"https:\/\/maratondelahabana.com\/en\/travel-offers\/from-usa-and-canada\/\" \/>\n<meta property=\"og:locale\" content=\"en_US\" \/>\n<meta property=\"og:type\" content=\"article\" \/>\n<meta property=\"og:title\" content=\"Frorm USA &amp; Canada &#8211; P\u00e1gina OFICIAL Marat\u00f3n de la Habana \/ Habana Marathon Official Site\" \/>\n<meta property=\"og:description\" content=\"Marabana 2018 se celebrar\u00e1 el domingo 18 de Noviembre de 2018 a las 7 am, con salida y llegada frente al Capitolio. Existen tres modalidades de carrera marat\u00f3n, media marat\u00f3n y 10k, todas con categor\u00eda de discapacitados.\" \/>\n<meta property=\"og:url\" content=\"https:\/\/maratondelahabana.com\/en\/travel-offers\/from-usa-and-canada\/\" \/>\n<meta property=\"og:site_name\" content=\"P\u00e1gina OFICIAL Marat\u00f3n de la Habana \/ Habana Marathon Official Site\" \/>\n<meta property=\"article:publisher\" content=\"https:\/\/www.facebook.com\/MaratonDeLaHabanaMarabana\/\" \/>\n<meta property=\"article:modified_time\" content=\"2020-07-21T10:42:25+00:00\" \/>\n<meta name=\"twitter:card\" content=\"summary_large_image\" \/>\n<meta name=\"twitter:site\" content=\"@MaratonMarabana\" \/>\n<meta name=\"twitter:label1\" content=\"Est. reading time\" \/>\n\t<meta name=\"twitter:data1\" content=\"4 minutes\" \/>\n<script type=\"application\/ld+json\" class=\"yoast-schema-graph\">{\"@context\":\"https:\\\/\\\/schema.org\",\"@graph\":[{\"@type\":\"WebPage\",\"@id\":\"https:\\\/\\\/maratondelahabana.com\\\/en\\\/travel-offers\\\/from-usa-and-canada\\\/\",\"url\":\"https:\\\/\\\/maratondelahabana.com\\\/en\\\/travel-offers\\\/from-usa-and-canada\\\/\",\"name\":\"Frorm USA & Canada &#8211; P\u00e1gina OFICIAL Marat\u00f3n de la Habana \\\/ Habana Marathon Official Site\",\"isPartOf\":{\"@id\":\"https:\\\/\\\/maratondelahabana.com\\\/en\\\/#website\"},\"datePublished\":\"2018-05-28T12:45:20+00:00\",\"dateModified\":\"2020-07-21T10:42:25+00:00\",\"description\":\"Marabana 2018 se celebrar\u00e1 el domingo 18 de Noviembre de 2018 a las 7 am, con salida y llegada frente al Capitolio. Existen tres modalidades de carrera marat\u00f3n, media marat\u00f3n y 10k, todas con categor\u00eda de discapacitados.\",\"breadcrumb\":{\"@id\":\"https:\\\/\\\/maratondelahabana.com\\\/en\\\/travel-offers\\\/from-usa-and-canada\\\/#breadcrumb\"},\"inLanguage\":\"en-US\",\"potentialAction\":[{\"@type\":\"ReadAction\",\"target\":[\"https:\\\/\\\/maratondelahabana.com\\\/en\\\/travel-offers\\\/from-usa-and-canada\\\/\"]}]},{\"@type\":\"BreadcrumbList\",\"@id\":\"https:\\\/\\\/maratondelahabana.com\\\/en\\\/travel-offers\\\/from-usa-and-canada\\\/#breadcrumb\",\"itemListElement\":[{\"@type\":\"ListItem\",\"position\":1,\"name\":\"Home\",\"item\":\"https:\\\/\\\/maratondelahabana.com\\\/en\\\/\"},{\"@type\":\"ListItem\",\"position\":2,\"name\":\"Travel offers\",\"item\":\"https:\\\/\\\/maratondelahabana.com\\\/en\\\/travel-offers\\\/\"},{\"@type\":\"ListItem\",\"position\":3,\"name\":\"Frorm USA &#038; Canada\"}]},{\"@type\":\"WebSite\",\"@id\":\"https:\\\/\\\/maratondelahabana.com\\\/en\\\/#website\",\"url\":\"https:\\\/\\\/maratondelahabana.com\\\/en\\\/\",\"name\":\"P\u00e1gina OFICIAL Marat\u00f3n de la Habana \\\/ Habana Marathon Official Site\",\"description\":\"Marat\u00f3n de la Habana\",\"potentialAction\":[{\"@type\":\"SearchAction\",\"target\":{\"@type\":\"EntryPoint\",\"urlTemplate\":\"https:\\\/\\\/maratondelahabana.com\\\/en\\\/?s={search_term_string}\"},\"query-input\":{\"@type\":\"PropertyValueSpecification\",\"valueRequired\":true,\"valueName\":\"search_term_string\"}}],\"inLanguage\":\"en-US\"}]}<\/script>\n<!-- \/ Yoast SEO plugin. -->","yoast_head_json":{"title":"Frorm USA & Canada &#8211; P\u00e1gina OFICIAL Marat\u00f3n de la Habana \/ Habana Marathon Official Site","description":"Marabana 2018 se celebrar\u00e1 el domingo 18 de Noviembre de 2018 a las 7 am, con salida y llegada frente al Capitolio. Existen tres modalidades de carrera marat\u00f3n, media marat\u00f3n y 10k, todas con categor\u00eda de discapacitados.","robots":{"index":"index","follow":"follow","max-snippet":"max-snippet:-1","max-image-preview":"max-image-preview:large","max-video-preview":"max-video-preview:-1"},"canonical":"https:\/\/maratondelahabana.com\/en\/travel-offers\/from-usa-and-canada\/","og_locale":"en_US","og_type":"article","og_title":"Frorm USA & Canada &#8211; P\u00e1gina OFICIAL Marat\u00f3n de la Habana \/ Habana Marathon Official Site","og_description":"Marabana 2018 se celebrar\u00e1 el domingo 18 de Noviembre de 2018 a las 7 am, con salida y llegada frente al Capitolio. Existen tres modalidades de carrera marat\u00f3n, media marat\u00f3n y 10k, todas con categor\u00eda de discapacitados.","og_url":"https:\/\/maratondelahabana.com\/en\/travel-offers\/from-usa-and-canada\/","og_site_name":"P\u00e1gina OFICIAL Marat\u00f3n de la Habana \/ Habana Marathon Official Site","article_publisher":"https:\/\/www.facebook.com\/MaratonDeLaHabanaMarabana\/","article_modified_time":"2020-07-21T10:42:25+00:00","twitter_card":"summary_large_image","twitter_site":"@MaratonMarabana","twitter_misc":{"Est. reading time":"4 minutes"},"schema":{"@context":"https:\/\/schema.org","@graph":[{"@type":"WebPage","@id":"https:\/\/maratondelahabana.com\/en\/travel-offers\/from-usa-and-canada\/","url":"https:\/\/maratondelahabana.com\/en\/travel-offers\/from-usa-and-canada\/","name":"Frorm USA & Canada &#8211; P\u00e1gina OFICIAL Marat\u00f3n de la Habana \/ Habana Marathon Official Site","isPartOf":{"@id":"https:\/\/maratondelahabana.com\/en\/#website"},"datePublished":"2018-05-28T12:45:20+00:00","dateModified":"2020-07-21T10:42:25+00:00","description":"Marabana 2018 se celebrar\u00e1 el domingo 18 de Noviembre de 2018 a las 7 am, con salida y llegada frente al Capitolio. Existen tres modalidades de carrera marat\u00f3n, media marat\u00f3n y 10k, todas con categor\u00eda de discapacitados.","breadcrumb":{"@id":"https:\/\/maratondelahabana.com\/en\/travel-offers\/from-usa-and-canada\/#breadcrumb"},"inLanguage":"en-US","potentialAction":[{"@type":"ReadAction","target":["https:\/\/maratondelahabana.com\/en\/travel-offers\/from-usa-and-canada\/"]}]},{"@type":"BreadcrumbList","@id":"https:\/\/maratondelahabana.com\/en\/travel-offers\/from-usa-and-canada\/#breadcrumb","itemListElement":[{"@type":"ListItem","position":1,"name":"Home","item":"https:\/\/maratondelahabana.com\/en\/"},{"@type":"ListItem","position":2,"name":"Travel offers","item":"https:\/\/maratondelahabana.com\/en\/travel-offers\/"},{"@type":"ListItem","position":3,"name":"Frorm USA &#038; Canada"}]},{"@type":"WebSite","@id":"https:\/\/maratondelahabana.com\/en\/#website","url":"https:\/\/maratondelahabana.com\/en\/","name":"P\u00e1gina OFICIAL Marat\u00f3n de la Habana \/ Habana Marathon Official Site","description":"Marat\u00f3n de la Habana","potentialAction":[{"@type":"SearchAction","target":{"@type":"EntryPoint","urlTemplate":"https:\/\/maratondelahabana.com\/en\/?s={search_term_string}"},"query-input":{"@type":"PropertyValueSpecification","valueRequired":true,"valueName":"search_term_string"}}],"inLanguage":"en-US"}]}},"_links":{"self":[{"href":"https:\/\/maratondelahabana.com\/en\/wp-json\/wp\/v2\/pages\/384","targetHints":{"allow":["GET"]}}],"collection":[{"href":"https:\/\/maratondelahabana.com\/en\/wp-json\/wp\/v2\/pages"}],"about":[{"href":"https:\/\/maratondelahabana.com\/en\/wp-json\/wp\/v2\/types\/page"}],"author":[{"embeddable":true,"href":"https:\/\/maratondelahabana.com\/en\/wp-json\/wp\/v2\/users\/1"}],"replies":[{"embeddable":true,"href":"https:\/\/maratondelahabana.com\/en\/wp-json\/wp\/v2\/comments?post=384"}],"version-history":[{"count":7,"href":"https:\/\/maratondelahabana.com\/en\/wp-json\/wp\/v2\/pages\/384\/revisions"}],"predecessor-version":[{"id":1910,"href":"https:\/\/maratondelahabana.com\/en\/wp-json\/wp\/v2\/pages\/384\/revisions\/1910"}],"up":[{"embeddable":true,"href":"https:\/\/maratondelahabana.com\/en\/wp-json\/wp\/v2\/pages\/362"}],"wp:attachment":[{"href":"https:\/\/maratondelahabana.com\/en\/wp-json\/wp\/v2\/media?parent=384"}],"curies":[{"name":"wp","href":"https:\/\/api.w.org\/{rel}","templated":true}]}}