{"id":386,"date":"2018-05-28T12:48:41","date_gmt":"2018-05-28T12:48:41","guid":{"rendered":"http:\/\/maratondelahabana.com\/?page_id=386"},"modified":"2019-05-27T15:00:01","modified_gmt":"2019-05-27T15:00:01","slug":"from-south-america","status":"publish","type":"page","link":"https:\/\/maratondelahabana.com\/en\/travel-offers\/from-south-america\/","title":{"rendered":"From South America"},"content":{"rendered":"<div class=\"wpb-content-wrapper\"><p>[vc_row][vc_column width=&#8221;1\/3&#8243;][vc_single_image image=&#8221;277&#8243; img_size=&#8221;full&#8221;][\/vc_column][vc_column width=&#8221;2\/3&#8243;][vc_column_text el_class=&#8221;ofertas_text&#8221;]<\/p>\n<h3><strong>FROM MEXICO: MARATONES Y VIAJES<br \/>\n<\/strong><\/h3>\n<p><span class=\"\">We are\u00a0<\/span><strong><a href=\"http:\/\/www.maratonesyviajes.com\/maratones\/blogpost.php?id=22\" target=\"_blank\" rel=\"noopener noreferrer\"><span class=\"\">Marathons and Travel<\/span><\/a><\/strong><span class=\"\">\u00a0, a\u00a0<\/span><span class=\"\">member of Tours agency based in Mexico City dedicated to promoting travel to participate in marathons and sporting events worldwide, we have an experience of over 35 years behind us.\u00a0<\/span>We handle every detail of your trip, we\u00a0work with the best operators worldwide to ensure we\u00a0give you the best options for your trip.<\/p>\n<p>We offer the most complete package and the best price, to travel to Marathon Marabana from anywhere in our beautiful Mexico without any concern.\u00a0We handle everything, you just focus on running and enjoy.<\/p>\n<p>Do not hesitate to contact us!<\/p>\n<p>&nbsp;<\/p>\n<p><strong>More information:<\/strong> <a href=\"http:\/\/www.maratonesyviajes.com\" target=\"_blank\" rel=\"noopener noreferrer\">www.maratonesyviajes.com<\/a>[\/vc_column_text][\/vc_column][\/vc_row]<\/p>\n<\/div>","protected":false},"excerpt":{"rendered":"<p>[vc_row][vc_column width=&#8221;1\/3&#8243;][vc_single_image image=&#8221;277&#8243; img_size=&#8221;full&#8221;][\/vc_column][vc_column width=&#8221;2\/3&#8243;][vc_column_text el_class=&#8221;ofertas_text&#8221;] FROM MEXICO: MARATONES Y VIAJES We are\u00a0Marathons and Travel\u00a0, a\u00a0member of Tours agency based in Mexico City dedicated to promoting travel to participate in marathons and sporting events worldwide, we have an experience of over 35 years behind us.\u00a0We handle every detail of your trip, we\u00a0work with the best [&hellip;]<\/p>\n","protected":false},"author":1,"featured_media":0,"parent":362,"menu_order":0,"comment_status":"closed","ping_status":"closed","template":"","meta":{"_monsterinsights_skip_tracking":false,"_monsterinsights_sitenote_active":false,"_monsterinsights_sitenote_note":"","_monsterinsights_sitenote_category":0,"footnotes":""},"class_list":["post-386","page","type-page","status-publish","hentry"],"yoast_head":"<!-- This site is optimized with the Yoast SEO plugin v27.4 - https:\/\/yoast.com\/product\/yoast-seo-wordpress\/ -->\n<title>From South America &#8211; P\u00e1gina OFICIAL Marat\u00f3n de la Habana \/ Habana Marathon Official Site<\/title>\n<meta name=\"description\" content=\"Marabana 2018 se celebrar\u00e1 el domingo 18 de Noviembre de 2018 a las 7 am, con salida y llegada frente al Capitolio. Existen tres modalidades de carrera marat\u00f3n, media marat\u00f3n y 10k, todas con categor\u00eda de discapacitados.\" \/>\n<meta name=\"robots\" content=\"index, follow, max-snippet:-1, max-image-preview:large, max-video-preview:-1\" \/>\n<link rel=\"canonical\" href=\"https:\/\/maratondelahabana.com\/en\/travel-offers\/from-south-america\/\" \/>\n<meta property=\"og:locale\" content=\"en_US\" \/>\n<meta property=\"og:type\" content=\"article\" \/>\n<meta property=\"og:title\" content=\"From South America &#8211; P\u00e1gina OFICIAL Marat\u00f3n de la Habana \/ Habana Marathon Official Site\" \/>\n<meta property=\"og:description\" content=\"Marabana 2018 se celebrar\u00e1 el domingo 18 de Noviembre de 2018 a las 7 am, con salida y llegada frente al Capitolio. Existen tres modalidades de carrera marat\u00f3n, media marat\u00f3n y 10k, todas con categor\u00eda de discapacitados.\" \/>\n<meta property=\"og:url\" content=\"https:\/\/maratondelahabana.com\/en\/travel-offers\/from-south-america\/\" \/>\n<meta property=\"og:site_name\" content=\"P\u00e1gina OFICIAL Marat\u00f3n de la Habana \/ Habana Marathon Official Site\" \/>\n<meta property=\"article:publisher\" content=\"https:\/\/www.facebook.com\/MaratonDeLaHabanaMarabana\/\" \/>\n<meta property=\"article:modified_time\" content=\"2019-05-27T15:00:01+00:00\" \/>\n<meta name=\"twitter:card\" content=\"summary_large_image\" \/>\n<meta name=\"twitter:site\" content=\"@MaratonMarabana\" \/>\n<meta name=\"twitter:label1\" content=\"Est. reading time\" \/>\n\t<meta name=\"twitter:data1\" content=\"1 minute\" \/>\n<script type=\"application\/ld+json\" class=\"yoast-schema-graph\">{\"@context\":\"https:\\\/\\\/schema.org\",\"@graph\":[{\"@type\":\"WebPage\",\"@id\":\"https:\\\/\\\/maratondelahabana.com\\\/en\\\/travel-offers\\\/from-south-america\\\/\",\"url\":\"https:\\\/\\\/maratondelahabana.com\\\/en\\\/travel-offers\\\/from-south-america\\\/\",\"name\":\"From South America &#8211; P\u00e1gina OFICIAL Marat\u00f3n de la Habana \\\/ Habana Marathon Official Site\",\"isPartOf\":{\"@id\":\"https:\\\/\\\/maratondelahabana.com\\\/en\\\/#website\"},\"datePublished\":\"2018-05-28T12:48:41+00:00\",\"dateModified\":\"2019-05-27T15:00:01+00:00\",\"description\":\"Marabana 2018 se celebrar\u00e1 el domingo 18 de Noviembre de 2018 a las 7 am, con salida y llegada frente al Capitolio. Existen tres modalidades de carrera marat\u00f3n, media marat\u00f3n y 10k, todas con categor\u00eda de discapacitados.\",\"breadcrumb\":{\"@id\":\"https:\\\/\\\/maratondelahabana.com\\\/en\\\/travel-offers\\\/from-south-america\\\/#breadcrumb\"},\"inLanguage\":\"en-US\",\"potentialAction\":[{\"@type\":\"ReadAction\",\"target\":[\"https:\\\/\\\/maratondelahabana.com\\\/en\\\/travel-offers\\\/from-south-america\\\/\"]}]},{\"@type\":\"BreadcrumbList\",\"@id\":\"https:\\\/\\\/maratondelahabana.com\\\/en\\\/travel-offers\\\/from-south-america\\\/#breadcrumb\",\"itemListElement\":[{\"@type\":\"ListItem\",\"position\":1,\"name\":\"Home\",\"item\":\"https:\\\/\\\/maratondelahabana.com\\\/en\\\/\"},{\"@type\":\"ListItem\",\"position\":2,\"name\":\"Travel offers\",\"item\":\"https:\\\/\\\/maratondelahabana.com\\\/en\\\/travel-offers\\\/\"},{\"@type\":\"ListItem\",\"position\":3,\"name\":\"From South America\"}]},{\"@type\":\"WebSite\",\"@id\":\"https:\\\/\\\/maratondelahabana.com\\\/en\\\/#website\",\"url\":\"https:\\\/\\\/maratondelahabana.com\\\/en\\\/\",\"name\":\"P\u00e1gina OFICIAL Marat\u00f3n de la Habana \\\/ Habana Marathon Official Site\",\"description\":\"Marat\u00f3n de la Habana\",\"potentialAction\":[{\"@type\":\"SearchAction\",\"target\":{\"@type\":\"EntryPoint\",\"urlTemplate\":\"https:\\\/\\\/maratondelahabana.com\\\/en\\\/?s={search_term_string}\"},\"query-input\":{\"@type\":\"PropertyValueSpecification\",\"valueRequired\":true,\"valueName\":\"search_term_string\"}}],\"inLanguage\":\"en-US\"}]}<\/script>\n<!-- \/ Yoast SEO plugin. -->","yoast_head_json":{"title":"From South America &#8211; P\u00e1gina OFICIAL Marat\u00f3n de la Habana \/ Habana Marathon Official Site","description":"Marabana 2018 se celebrar\u00e1 el domingo 18 de Noviembre de 2018 a las 7 am, con salida y llegada frente al Capitolio. Existen tres modalidades de carrera marat\u00f3n, media marat\u00f3n y 10k, todas con categor\u00eda de discapacitados.","robots":{"index":"index","follow":"follow","max-snippet":"max-snippet:-1","max-image-preview":"max-image-preview:large","max-video-preview":"max-video-preview:-1"},"canonical":"https:\/\/maratondelahabana.com\/en\/travel-offers\/from-south-america\/","og_locale":"en_US","og_type":"article","og_title":"From South America &#8211; P\u00e1gina OFICIAL Marat\u00f3n de la Habana \/ Habana Marathon Official Site","og_description":"Marabana 2018 se celebrar\u00e1 el domingo 18 de Noviembre de 2018 a las 7 am, con salida y llegada frente al Capitolio. Existen tres modalidades de carrera marat\u00f3n, media marat\u00f3n y 10k, todas con categor\u00eda de discapacitados.","og_url":"https:\/\/maratondelahabana.com\/en\/travel-offers\/from-south-america\/","og_site_name":"P\u00e1gina OFICIAL Marat\u00f3n de la Habana \/ Habana Marathon Official Site","article_publisher":"https:\/\/www.facebook.com\/MaratonDeLaHabanaMarabana\/","article_modified_time":"2019-05-27T15:00:01+00:00","twitter_card":"summary_large_image","twitter_site":"@MaratonMarabana","twitter_misc":{"Est. reading time":"1 minute"},"schema":{"@context":"https:\/\/schema.org","@graph":[{"@type":"WebPage","@id":"https:\/\/maratondelahabana.com\/en\/travel-offers\/from-south-america\/","url":"https:\/\/maratondelahabana.com\/en\/travel-offers\/from-south-america\/","name":"From South America &#8211; P\u00e1gina OFICIAL Marat\u00f3n de la Habana \/ Habana Marathon Official Site","isPartOf":{"@id":"https:\/\/maratondelahabana.com\/en\/#website"},"datePublished":"2018-05-28T12:48:41+00:00","dateModified":"2019-05-27T15:00:01+00:00","description":"Marabana 2018 se celebrar\u00e1 el domingo 18 de Noviembre de 2018 a las 7 am, con salida y llegada frente al Capitolio. Existen tres modalidades de carrera marat\u00f3n, media marat\u00f3n y 10k, todas con categor\u00eda de discapacitados.","breadcrumb":{"@id":"https:\/\/maratondelahabana.com\/en\/travel-offers\/from-south-america\/#breadcrumb"},"inLanguage":"en-US","potentialAction":[{"@type":"ReadAction","target":["https:\/\/maratondelahabana.com\/en\/travel-offers\/from-south-america\/"]}]},{"@type":"BreadcrumbList","@id":"https:\/\/maratondelahabana.com\/en\/travel-offers\/from-south-america\/#breadcrumb","itemListElement":[{"@type":"ListItem","position":1,"name":"Home","item":"https:\/\/maratondelahabana.com\/en\/"},{"@type":"ListItem","position":2,"name":"Travel offers","item":"https:\/\/maratondelahabana.com\/en\/travel-offers\/"},{"@type":"ListItem","position":3,"name":"From South America"}]},{"@type":"WebSite","@id":"https:\/\/maratondelahabana.com\/en\/#website","url":"https:\/\/maratondelahabana.com\/en\/","name":"P\u00e1gina OFICIAL Marat\u00f3n de la Habana \/ Habana Marathon Official Site","description":"Marat\u00f3n de la Habana","potentialAction":[{"@type":"SearchAction","target":{"@type":"EntryPoint","urlTemplate":"https:\/\/maratondelahabana.com\/en\/?s={search_term_string}"},"query-input":{"@type":"PropertyValueSpecification","valueRequired":true,"valueName":"search_term_string"}}],"inLanguage":"en-US"}]}},"_links":{"self":[{"href":"https:\/\/maratondelahabana.com\/en\/wp-json\/wp\/v2\/pages\/386","targetHints":{"allow":["GET"]}}],"collection":[{"href":"https:\/\/maratondelahabana.com\/en\/wp-json\/wp\/v2\/pages"}],"about":[{"href":"https:\/\/maratondelahabana.com\/en\/wp-json\/wp\/v2\/types\/page"}],"author":[{"embeddable":true,"href":"https:\/\/maratondelahabana.com\/en\/wp-json\/wp\/v2\/users\/1"}],"replies":[{"embeddable":true,"href":"https:\/\/maratondelahabana.com\/en\/wp-json\/wp\/v2\/comments?post=386"}],"version-history":[{"count":2,"href":"https:\/\/maratondelahabana.com\/en\/wp-json\/wp\/v2\/pages\/386\/revisions"}],"predecessor-version":[{"id":1408,"href":"https:\/\/maratondelahabana.com\/en\/wp-json\/wp\/v2\/pages\/386\/revisions\/1408"}],"up":[{"embeddable":true,"href":"https:\/\/maratondelahabana.com\/en\/wp-json\/wp\/v2\/pages\/362"}],"wp:attachment":[{"href":"https:\/\/maratondelahabana.com\/en\/wp-json\/wp\/v2\/media?parent=386"}],"curies":[{"name":"wp","href":"https:\/\/api.w.org\/{rel}","templated":true}]}}