{"id":395,"date":"2018-05-28T13:49:50","date_gmt":"2018-05-28T13:49:50","guid":{"rendered":"http:\/\/maratondelahabana.com\/?page_id=395"},"modified":"2024-04-18T15:12:28","modified_gmt":"2024-04-18T15:12:28","slug":"contact","status":"publish","type":"page","link":"https:\/\/maratondelahabana.com\/en\/contact\/","title":{"rendered":"Contact"},"content":{"rendered":"<div class=\"wpb-content-wrapper\"><p>[vc_row][vc_column width=&#8221;1\/3&#8243;][vc_column_text css=&#8221;.vc_custom_1650562943919{background-color: #ebebeb !important;}&#8221; el_class=&#8221;contact_div&#8221;]<\/p>\n<div class=\"contact_title\">RACE DIRECTOR<\/div>\n<p>Carlos R. Gattorno Correa. Sport city<\/p>\n<div class=\"contact_item\">\n<div class=\"contact_item_title\"><strong>Address:<\/strong><\/div>\n<div class=\"contact_text\">Via Blanca y Boyeros<br \/>\nApartado 5130<br \/>\nLa Habana<\/div>\n<\/div>\n<div class=\"contact_item\">\n<div class=\"contact_item_title\"><strong>Phone:<\/strong><\/div>\n<div class=\"contact_text\">+53 5 9978253<\/div>\n<\/div>\n<div class=\"contact_item\">\n<div class=\"contact_item_title\"><strong>E-mail:<\/strong><\/div>\n<div class=\"contact_text\"><a href=\"mailto:marabana@inder.cu\">marabana@inder.gob.cu<\/a><br \/>\n<a href=\"mailto:gattorno.marabana@gmail.com\">gattorno.marabana@gmail.com<\/a><\/div>\n<\/div>\n<div class=\"contact_item\">\n<div class=\"contact_item_title\"><strong>Web:<\/strong><\/div>\n<div class=\"contact_text\">\n<div><a title=\"http:\/\/www.maratondelahabana.com\/\" contenteditable=\"false\" href=\"http:\/\/www.maratondelahabana.com\">www.maratondelahabana.com<\/a><\/div>\n<div class=\"contact_text\"><a href=\"http:\/\/www.inder.cu\/marabana\" target=\"_blank\" rel=\"noopener noreferrer\">www.inder.cu\/marabana<\/a><\/div>\n<\/div>\n<\/div>\n<p>[\/vc_column_text][\/vc_column][vc_column width=&#8221;1\/3&#8243;][vc_column_text css=&#8221;.vc_custom_1650562803861{background-color: #ebebeb !important;}&#8221; el_class=&#8221;contact_div&#8221;]<\/p>\n<div class=\"contact_title\">TRADE REPRESENTATIVE<\/div>\n<p>Hospedaje\/Acommodation. Cubadeportes S.A.<\/p>\n<div class=\"contact_item\">\n<div class=\"contact_item_title\"><strong>Phone:<\/strong><\/div>\n<div class=\"contact_text\">+53 5 9938258<\/div>\n<div>\n<div class=\"contact_item_title\"><strong>WhatsApp:<\/strong><\/div>\n<div class=\"contact_text\">+53 5 3458952<\/div>\n<\/div>\n<\/div>\n<div class=\"contact_item\">\n<div class=\"contact_item_title\"><strong>E-mail:<\/strong><\/div>\n<div class=\"contact_text\"><a title=\"mailto:maratondelahabana@cubadeportes.cu\" contenteditable=\"false\" href=\"mailto:maratondelahabana@cubadeportes.cu\">maratondelahabana@cubadeportes.cu<\/a><\/div>\n<\/div>\n<div class=\"contact_item\">\n<div class=\"contact_item_title\"><strong>Web:<\/strong><\/div>\n<div class=\"contact_text\"><a href=\"http:\/\/cubadeportes.cu\/\" target=\"_blank\" rel=\"noopener noreferrer\">www.cubadeportes.cu<\/a><\/div>\n<\/div>\n<p>[\/vc_column_text][\/vc_column][vc_column width=&#8221;1\/3&#8243;][vc_column_text el_class=&#8221;contact_div&#8221; css=&#8221;.vc_custom_1713453136222{background-color: #ebebeb !important;}&#8221;]<\/p>\n<div class=\"contact_title\">PARTICIPANT SERVICE OFFICE<\/div>\n<div><\/div>\n<div class=\"contact_item\">\n<div class=\"contact_item\">\n<div class=\"contact_item_title\"><strong>Address:<\/strong><\/div>\n<div class=\"contact_text\">Av. Diagonal 477 08036 Barcelona<\/div>\n<\/div>\n<div class=\"contact_item\">\n<div class=\"contact_item_title\"><strong>Email:<\/strong><\/div>\n<div class=\"contact_text\"><a href=\"mailto:info@maratondelahabana.com\">info@maratondelahabana.com<\/a><\/div>\n<\/div>\n<\/div>\n<p>[\/vc_column_text][\/vc_column][\/vc_row]<\/p>\n<\/div>","protected":false},"excerpt":{"rendered":"<p>[vc_row][vc_column width=&#8221;1\/3&#8243;][vc_column_text css=&#8221;.vc_custom_1650562943919{background-color: #ebebeb !important;}&#8221; el_class=&#8221;contact_div&#8221;] RACE DIRECTOR Carlos R. Gattorno Correa. Sport city Address: Via Blanca y Boyeros Apartado 5130 La Habana Phone: +53 5 9978253 E-mail: marabana@inder.gob.cu gattorno.marabana@gmail.com Web: www.maratondelahabana.com www.inder.cu\/marabana [\/vc_column_text][\/vc_column][vc_column width=&#8221;1\/3&#8243;][vc_column_text css=&#8221;.vc_custom_1650562803861{background-color: #ebebeb !important;}&#8221; el_class=&#8221;contact_div&#8221;] TRADE REPRESENTATIVE Hospedaje\/Acommodation. Cubadeportes S.A. Phone: +53 5 9938258 WhatsApp: +53 5 3458952 E-mail: maratondelahabana@cubadeportes.cu Web: [&hellip;]<\/p>\n","protected":false},"author":1,"featured_media":0,"parent":0,"menu_order":0,"comment_status":"closed","ping_status":"closed","template":"","meta":{"_monsterinsights_skip_tracking":false,"_monsterinsights_sitenote_active":false,"_monsterinsights_sitenote_note":"","_monsterinsights_sitenote_category":0,"footnotes":""},"class_list":["post-395","page","type-page","status-publish","hentry"],"yoast_head":"<!-- This site is optimized with the Yoast SEO plugin v27.2 - https:\/\/yoast.com\/product\/yoast-seo-wordpress\/ -->\n<title>Contact &#8211; P\u00e1gina OFICIAL Marat\u00f3n de la Habana \/ Habana Marathon Official Site<\/title>\n<meta name=\"description\" content=\"Marabana 2018 se celebrar\u00e1 el domingo 18 de Noviembre de 2018 a las 7 am, con salida y llegada frente al Capitolio. Existen tres modalidades de carrera marat\u00f3n, media marat\u00f3n y 10k, todas con categor\u00eda de discapacitados.\" \/>\n<meta name=\"robots\" content=\"index, follow, max-snippet:-1, max-image-preview:large, max-video-preview:-1\" \/>\n<link rel=\"canonical\" href=\"https:\/\/maratondelahabana.com\/en\/contact\/\" \/>\n<meta property=\"og:locale\" content=\"en_US\" \/>\n<meta property=\"og:type\" content=\"article\" \/>\n<meta property=\"og:title\" content=\"Contact &#8211; P\u00e1gina OFICIAL Marat\u00f3n de la Habana \/ Habana Marathon Official Site\" \/>\n<meta property=\"og:description\" content=\"Marabana 2018 se celebrar\u00e1 el domingo 18 de Noviembre de 2018 a las 7 am, con salida y llegada frente al Capitolio. Existen tres modalidades de carrera marat\u00f3n, media marat\u00f3n y 10k, todas con categor\u00eda de discapacitados.\" \/>\n<meta property=\"og:url\" content=\"https:\/\/maratondelahabana.com\/en\/contact\/\" \/>\n<meta property=\"og:site_name\" content=\"P\u00e1gina OFICIAL Marat\u00f3n de la Habana \/ Habana Marathon Official Site\" \/>\n<meta property=\"article:publisher\" content=\"https:\/\/www.facebook.com\/MaratonDeLaHabanaMarabana\/\" \/>\n<meta property=\"article:modified_time\" content=\"2024-04-18T15:12:28+00:00\" \/>\n<meta name=\"twitter:card\" content=\"summary_large_image\" \/>\n<meta name=\"twitter:site\" content=\"@MaratonMarabana\" \/>\n<meta name=\"twitter:label1\" content=\"Est. reading time\" \/>\n\t<meta name=\"twitter:data1\" content=\"1 minute\" \/>\n<script type=\"application\/ld+json\" class=\"yoast-schema-graph\">{\"@context\":\"https:\/\/schema.org\",\"@graph\":[{\"@type\":\"WebPage\",\"@id\":\"https:\/\/maratondelahabana.com\/en\/contact\/\",\"url\":\"https:\/\/maratondelahabana.com\/en\/contact\/\",\"name\":\"Contact &#8211; P\u00e1gina OFICIAL Marat\u00f3n de la Habana \/ Habana Marathon Official Site\",\"isPartOf\":{\"@id\":\"https:\/\/maratondelahabana.com\/en\/#website\"},\"datePublished\":\"2018-05-28T13:49:50+00:00\",\"dateModified\":\"2024-04-18T15:12:28+00:00\",\"description\":\"Marabana 2018 se celebrar\u00e1 el domingo 18 de Noviembre de 2018 a las 7 am, con salida y llegada frente al Capitolio. Existen tres modalidades de carrera marat\u00f3n, media marat\u00f3n y 10k, todas con categor\u00eda de discapacitados.\",\"breadcrumb\":{\"@id\":\"https:\/\/maratondelahabana.com\/en\/contact\/#breadcrumb\"},\"inLanguage\":\"en-US\",\"potentialAction\":[{\"@type\":\"ReadAction\",\"target\":[\"https:\/\/maratondelahabana.com\/en\/contact\/\"]}]},{\"@type\":\"BreadcrumbList\",\"@id\":\"https:\/\/maratondelahabana.com\/en\/contact\/#breadcrumb\",\"itemListElement\":[{\"@type\":\"ListItem\",\"position\":1,\"name\":\"Home\",\"item\":\"https:\/\/maratondelahabana.com\/en\/\"},{\"@type\":\"ListItem\",\"position\":2,\"name\":\"Contact\"}]},{\"@type\":\"WebSite\",\"@id\":\"https:\/\/maratondelahabana.com\/en\/#website\",\"url\":\"https:\/\/maratondelahabana.com\/en\/\",\"name\":\"P\u00e1gina OFICIAL Marat\u00f3n de la Habana \/ Habana Marathon Official Site\",\"description\":\"Marat\u00f3n de la Habana\",\"potentialAction\":[{\"@type\":\"SearchAction\",\"target\":{\"@type\":\"EntryPoint\",\"urlTemplate\":\"https:\/\/maratondelahabana.com\/en\/?s={search_term_string}\"},\"query-input\":{\"@type\":\"PropertyValueSpecification\",\"valueRequired\":true,\"valueName\":\"search_term_string\"}}],\"inLanguage\":\"en-US\"}]}<\/script>\n<!-- \/ Yoast SEO plugin. -->","yoast_head_json":{"title":"Contact &#8211; P\u00e1gina OFICIAL Marat\u00f3n de la Habana \/ Habana Marathon Official Site","description":"Marabana 2018 se celebrar\u00e1 el domingo 18 de Noviembre de 2018 a las 7 am, con salida y llegada frente al Capitolio. Existen tres modalidades de carrera marat\u00f3n, media marat\u00f3n y 10k, todas con categor\u00eda de discapacitados.","robots":{"index":"index","follow":"follow","max-snippet":"max-snippet:-1","max-image-preview":"max-image-preview:large","max-video-preview":"max-video-preview:-1"},"canonical":"https:\/\/maratondelahabana.com\/en\/contact\/","og_locale":"en_US","og_type":"article","og_title":"Contact &#8211; P\u00e1gina OFICIAL Marat\u00f3n de la Habana \/ Habana Marathon Official Site","og_description":"Marabana 2018 se celebrar\u00e1 el domingo 18 de Noviembre de 2018 a las 7 am, con salida y llegada frente al Capitolio. Existen tres modalidades de carrera marat\u00f3n, media marat\u00f3n y 10k, todas con categor\u00eda de discapacitados.","og_url":"https:\/\/maratondelahabana.com\/en\/contact\/","og_site_name":"P\u00e1gina OFICIAL Marat\u00f3n de la Habana \/ Habana Marathon Official Site","article_publisher":"https:\/\/www.facebook.com\/MaratonDeLaHabanaMarabana\/","article_modified_time":"2024-04-18T15:12:28+00:00","twitter_card":"summary_large_image","twitter_site":"@MaratonMarabana","twitter_misc":{"Est. reading time":"1 minute"},"schema":{"@context":"https:\/\/schema.org","@graph":[{"@type":"WebPage","@id":"https:\/\/maratondelahabana.com\/en\/contact\/","url":"https:\/\/maratondelahabana.com\/en\/contact\/","name":"Contact &#8211; P\u00e1gina OFICIAL Marat\u00f3n de la Habana \/ Habana Marathon Official Site","isPartOf":{"@id":"https:\/\/maratondelahabana.com\/en\/#website"},"datePublished":"2018-05-28T13:49:50+00:00","dateModified":"2024-04-18T15:12:28+00:00","description":"Marabana 2018 se celebrar\u00e1 el domingo 18 de Noviembre de 2018 a las 7 am, con salida y llegada frente al Capitolio. Existen tres modalidades de carrera marat\u00f3n, media marat\u00f3n y 10k, todas con categor\u00eda de discapacitados.","breadcrumb":{"@id":"https:\/\/maratondelahabana.com\/en\/contact\/#breadcrumb"},"inLanguage":"en-US","potentialAction":[{"@type":"ReadAction","target":["https:\/\/maratondelahabana.com\/en\/contact\/"]}]},{"@type":"BreadcrumbList","@id":"https:\/\/maratondelahabana.com\/en\/contact\/#breadcrumb","itemListElement":[{"@type":"ListItem","position":1,"name":"Home","item":"https:\/\/maratondelahabana.com\/en\/"},{"@type":"ListItem","position":2,"name":"Contact"}]},{"@type":"WebSite","@id":"https:\/\/maratondelahabana.com\/en\/#website","url":"https:\/\/maratondelahabana.com\/en\/","name":"P\u00e1gina OFICIAL Marat\u00f3n de la Habana \/ Habana Marathon Official Site","description":"Marat\u00f3n de la Habana","potentialAction":[{"@type":"SearchAction","target":{"@type":"EntryPoint","urlTemplate":"https:\/\/maratondelahabana.com\/en\/?s={search_term_string}"},"query-input":{"@type":"PropertyValueSpecification","valueRequired":true,"valueName":"search_term_string"}}],"inLanguage":"en-US"}]}},"_links":{"self":[{"href":"https:\/\/maratondelahabana.com\/en\/wp-json\/wp\/v2\/pages\/395","targetHints":{"allow":["GET"]}}],"collection":[{"href":"https:\/\/maratondelahabana.com\/en\/wp-json\/wp\/v2\/pages"}],"about":[{"href":"https:\/\/maratondelahabana.com\/en\/wp-json\/wp\/v2\/types\/page"}],"author":[{"embeddable":true,"href":"https:\/\/maratondelahabana.com\/en\/wp-json\/wp\/v2\/users\/1"}],"replies":[{"embeddable":true,"href":"https:\/\/maratondelahabana.com\/en\/wp-json\/wp\/v2\/comments?post=395"}],"version-history":[{"count":5,"href":"https:\/\/maratondelahabana.com\/en\/wp-json\/wp\/v2\/pages\/395\/revisions"}],"predecessor-version":[{"id":3164,"href":"https:\/\/maratondelahabana.com\/en\/wp-json\/wp\/v2\/pages\/395\/revisions\/3164"}],"wp:attachment":[{"href":"https:\/\/maratondelahabana.com\/en\/wp-json\/wp\/v2\/media?parent=395"}],"curies":[{"name":"wp","href":"https:\/\/api.w.org\/{rel}","templated":true}]}}